{"id":405,"date":"2021-10-28T17:00:51","date_gmt":"2021-10-28T22:00:51","guid":{"rendered":"https:\/\/www.stevenromanaestheticmedicine.com\/?page_id=405"},"modified":"2025-08-13T22:49:15","modified_gmt":"2025-08-14T03:49:15","slug":"laser","status":"publish","type":"page","link":"https:\/\/www.stevenromanaestheticmedicine.com\/en\/laser\/","title":{"rendered":"LASER"},"content":{"rendered":"<div data-elementor-type=\"wp-page\" data-elementor-id=\"405\" class=\"elementor elementor-405\">\n\t\t\t\t\t\t\t\t\t<section class=\"elementor-section elementor-top-section elementor-element elementor-element-d3b629c elementor-section-boxed elementor-section-height-default elementor-section-height-default\" data-id=\"d3b629c\" data-element_type=\"section\">\n\t\t\t\t\t\t<div class=\"elementor-container elementor-column-gap-default\">\n\t\t\t\t\t<div class=\"elementor-column elementor-col-100 elementor-top-column elementor-element elementor-element-72d9fd5\" data-id=\"72d9fd5\" data-element_type=\"column\">\n\t\t\t<div class=\"elementor-widget-wrap elementor-element-populated\">\n\t\t\t\t\t\t\t\t<div class=\"elementor-element elementor-element-b1c91c2 elementor-widget elementor-widget-image\" data-id=\"b1c91c2\" data-element_type=\"widget\" data-widget_type=\"image.default\">\n\t\t\t\t<div class=\"elementor-widget-container\">\n\t\t\t<style>\/*! elementor - v3.12.0 - 29-03-2023 *\/\n.elementor-widget-image{text-align:center}.elementor-widget-image a{display:inline-block}.elementor-widget-image a img[src$=\".svg\"]{width:48px}.elementor-widget-image img{vertical-align:middle;display:inline-block}<\/style>\t\t\t\t\t\t\t\t\t\t\t\t<img loading=\"lazy\" decoding=\"async\" width=\"2560\" height=\"1082\" src=\"https:\/\/www.stevenromanaestheticmedicine.com\/wp-content\/uploads\/2022\/06\/VISUAL-HILOS-TENSORES_Mesa-de-trabajo-1-copia-4-scaled.jpg\" class=\"attachment-full size-full wp-image-977\" alt=\"\" srcset=\"https:\/\/www.stevenromanaestheticmedicine.com\/wp-content\/uploads\/2022\/06\/VISUAL-HILOS-TENSORES_Mesa-de-trabajo-1-copia-4-scaled.jpg 2560w, https:\/\/www.stevenromanaestheticmedicine.com\/wp-content\/uploads\/2022\/06\/VISUAL-HILOS-TENSORES_Mesa-de-trabajo-1-copia-4-300x127.jpg 300w, https:\/\/www.stevenromanaestheticmedicine.com\/wp-content\/uploads\/2022\/06\/VISUAL-HILOS-TENSORES_Mesa-de-trabajo-1-copia-4-1024x433.jpg 1024w, https:\/\/www.stevenromanaestheticmedicine.com\/wp-content\/uploads\/2022\/06\/VISUAL-HILOS-TENSORES_Mesa-de-trabajo-1-copia-4-768x324.jpg 768w, https:\/\/www.stevenromanaestheticmedicine.com\/wp-content\/uploads\/2022\/06\/VISUAL-HILOS-TENSORES_Mesa-de-trabajo-1-copia-4-1536x649.jpg 1536w, https:\/\/www.stevenromanaestheticmedicine.com\/wp-content\/uploads\/2022\/06\/VISUAL-HILOS-TENSORES_Mesa-de-trabajo-1-copia-4-2048x865.jpg 2048w\" sizes=\"auto, (max-width: 2560px) 100vw, 2560px\" \/>\t\t\t\t\t\t\t\t\t\t\t\t\t\t\t<\/div>\n\t\t\t\t<\/div>\n\t\t\t\t\t<\/div>\n\t\t<\/div>\n\t\t\t\t\t\t\t<\/div>\n\t\t<\/section>\n\t\t\t\t<section class=\"elementor-section elementor-top-section elementor-element elementor-element-645098d elementor-section-boxed elementor-section-height-default elementor-section-height-default\" data-id=\"645098d\" data-element_type=\"section\">\n\t\t\t\t\t\t<div class=\"elementor-container elementor-column-gap-default\">\n\t\t\t\t\t<div class=\"elementor-column elementor-col-100 elementor-top-column elementor-element elementor-element-1eac15b\" data-id=\"1eac15b\" data-element_type=\"column\">\n\t\t\t<div class=\"elementor-widget-wrap elementor-element-populated\">\n\t\t\t\t\t\t\t\t<div class=\"elementor-element elementor-element-d7ae8a4 elementor-widget elementor-widget-heading\" data-id=\"d7ae8a4\" data-element_type=\"widget\" data-widget_type=\"heading.default\">\n\t\t\t\t<div class=\"elementor-widget-container\">\n\t\t\t<style>\/*! elementor - v3.12.0 - 29-03-2023 *\/\n.elementor-heading-title{padding:0;margin:0;line-height:1}.elementor-widget-heading .elementor-heading-title[class*=elementor-size-]>a{color:inherit;font-size:inherit;line-height:inherit}.elementor-widget-heading .elementor-heading-title.elementor-size-small{font-size:15px}.elementor-widget-heading .elementor-heading-title.elementor-size-medium{font-size:19px}.elementor-widget-heading .elementor-heading-title.elementor-size-large{font-size:29px}.elementor-widget-heading .elementor-heading-title.elementor-size-xl{font-size:39px}.elementor-widget-heading .elementor-heading-title.elementor-size-xxl{font-size:59px}<\/style><h2 class=\"elementor-heading-title elementor-size-default\">Un efecto lifting sobre el rostro<\/h2>\t\t<\/div>\n\t\t\t\t<\/div>\n\t\t\t\t\t<\/div>\n\t\t<\/div>\n\t\t\t\t\t\t\t<\/div>\n\t\t<\/section>\n\t\t\t\t<section class=\"elementor-section elementor-top-section elementor-element elementor-element-8564c9e elementor-section-boxed elementor-section-height-default elementor-section-height-default\" data-id=\"8564c9e\" data-element_type=\"section\">\n\t\t\t\t\t\t<div class=\"elementor-container elementor-column-gap-default\">\n\t\t\t\t\t<div class=\"elementor-column elementor-col-100 elementor-top-column elementor-element elementor-element-3bf6a1c\" data-id=\"3bf6a1c\" data-element_type=\"column\">\n\t\t\t<div class=\"elementor-widget-wrap elementor-element-populated\">\n\t\t\t\t\t\t\t\t<div class=\"elementor-element elementor-element-a1be923 elementor-widget elementor-widget-text-editor\" data-id=\"a1be923\" data-element_type=\"widget\" data-widget_type=\"text-editor.default\">\n\t\t\t\t<div class=\"elementor-widget-container\">\n\t\t\t<style>\/*! elementor - v3.12.0 - 29-03-2023 *\/\n.elementor-widget-text-editor.elementor-drop-cap-view-stacked .elementor-drop-cap{background-color:#69727d;color:#fff}.elementor-widget-text-editor.elementor-drop-cap-view-framed .elementor-drop-cap{color:#69727d;border:3px solid;background-color:transparent}.elementor-widget-text-editor:not(.elementor-drop-cap-view-default) .elementor-drop-cap{margin-top:8px}.elementor-widget-text-editor:not(.elementor-drop-cap-view-default) .elementor-drop-cap-letter{width:1em;height:1em}.elementor-widget-text-editor .elementor-drop-cap{float:left;text-align:center;line-height:1;font-size:50px}.elementor-widget-text-editor .elementor-drop-cap-letter{display:inline-block}<\/style>\t\t\t\t<p>Los hilos tensores son unos hilos finos utilizados en\u00a0<a href=\"https:\/\/www.seme.org\/\" target=\"_blank\" rel=\"noopener\">Medicina Est\u00e9tica<\/a>\u00a0para\u00a0<strong>rejuvenecer el rostro<\/strong>. Se pueden aplicar tanto para eliminar las arrugas y la flaccidez facial, como para levantar las cejas o, incluso, para redefinir el \u00f3valo de la cara y el contorno de la mand\u00edbula.<\/p>\t\t\t\t\t\t<\/div>\n\t\t\t\t<\/div>\n\t\t\t\t\t<\/div>\n\t\t<\/div>\n\t\t\t\t\t\t\t<\/div>\n\t\t<\/section>\n\t\t\t\t<section class=\"elementor-section elementor-top-section elementor-element elementor-element-13d83e7 elementor-section-boxed elementor-section-height-default elementor-section-height-default\" data-id=\"13d83e7\" data-element_type=\"section\">\n\t\t\t\t\t\t<div class=\"elementor-container elementor-column-gap-default\">\n\t\t\t\t\t<div class=\"elementor-column elementor-col-100 elementor-top-column elementor-element elementor-element-9695ad2\" data-id=\"9695ad2\" data-element_type=\"column\">\n\t\t\t<div class=\"elementor-widget-wrap elementor-element-populated\">\n\t\t\t\t\t\t\t\t<div class=\"elementor-element elementor-element-29e1315 elementor-widget elementor-widget-heading\" data-id=\"29e1315\" data-element_type=\"widget\" data-widget_type=\"heading.default\">\n\t\t\t\t<div class=\"elementor-widget-container\">\n\t\t\t<h2 class=\"elementor-heading-title elementor-size-default\">CASOS DE \u00c9XITO<\/h2>\t\t<\/div>\n\t\t\t\t<\/div>\n\t\t\t\t\t<\/div>\n\t\t<\/div>\n\t\t\t\t\t\t\t<\/div>\n\t\t<\/section>\n\t\t\t\t<section class=\"elementor-section elementor-top-section elementor-element elementor-element-cab4790 elementor-section-boxed elementor-section-height-default elementor-section-height-default\" data-id=\"cab4790\" data-element_type=\"section\">\n\t\t\t\t\t\t<div class=\"elementor-container elementor-column-gap-default\">\n\t\t\t\t\t<div class=\"elementor-column elementor-col-50 elementor-top-column elementor-element elementor-element-1e422b1\" data-id=\"1e422b1\" data-element_type=\"column\">\n\t\t\t<div class=\"elementor-widget-wrap elementor-element-populated\">\n\t\t\t\t\t\t\t\t<div class=\"elementor-element elementor-element-76bd7fb elementor-widget elementor-widget-image\" data-id=\"76bd7fb\" data-element_type=\"widget\" data-widget_type=\"image.default\">\n\t\t\t\t<div class=\"elementor-widget-container\">\n\t\t\t\t\t\t\t\t\t\t\t\t\t\t\t<img loading=\"lazy\" decoding=\"async\" width=\"1024\" height=\"640\" src=\"https:\/\/www.stevenromanaestheticmedicine.com\/wp-content\/uploads\/2022\/06\/Mesa-de-trabajo-16-1024x640.jpg\" class=\"attachment-large size-large wp-image-1022\" alt=\"\" srcset=\"https:\/\/www.stevenromanaestheticmedicine.com\/wp-content\/uploads\/2022\/06\/Mesa-de-trabajo-16-1024x640.jpg 1024w, https:\/\/www.stevenromanaestheticmedicine.com\/wp-content\/uploads\/2022\/06\/Mesa-de-trabajo-16-300x188.jpg 300w, https:\/\/www.stevenromanaestheticmedicine.com\/wp-content\/uploads\/2022\/06\/Mesa-de-trabajo-16-768x480.jpg 768w, https:\/\/www.stevenromanaestheticmedicine.com\/wp-content\/uploads\/2022\/06\/Mesa-de-trabajo-16-1536x960.jpg 1536w, https:\/\/www.stevenromanaestheticmedicine.com\/wp-content\/uploads\/2022\/06\/Mesa-de-trabajo-16.jpg 1899w\" sizes=\"auto, (max-width: 1024px) 100vw, 1024px\" \/>\t\t\t\t\t\t\t\t\t\t\t\t\t\t\t<\/div>\n\t\t\t\t<\/div>\n\t\t\t\t\t<\/div>\n\t\t<\/div>\n\t\t\t\t<div class=\"elementor-column elementor-col-50 elementor-top-column elementor-element elementor-element-bd549ad\" data-id=\"bd549ad\" data-element_type=\"column\">\n\t\t\t<div class=\"elementor-widget-wrap elementor-element-populated\">\n\t\t\t\t\t\t\t\t<div class=\"elementor-element elementor-element-697aa26 elementor-widget elementor-widget-image\" data-id=\"697aa26\" data-element_type=\"widget\" data-widget_type=\"image.default\">\n\t\t\t\t<div class=\"elementor-widget-container\">\n\t\t\t\t\t\t\t\t\t\t\t\t\t\t\t<img loading=\"lazy\" decoding=\"async\" width=\"1024\" height=\"683\" src=\"https:\/\/www.stevenromanaestheticmedicine.com\/wp-content\/uploads\/2022\/06\/289157078_828509341869702_198257452052241307_n-1024x683.jpeg\" class=\"attachment-large size-large wp-image-1109\" alt=\"\" srcset=\"https:\/\/www.stevenromanaestheticmedicine.com\/wp-content\/uploads\/2022\/06\/289157078_828509341869702_198257452052241307_n-1024x683.jpeg 1024w, https:\/\/www.stevenromanaestheticmedicine.com\/wp-content\/uploads\/2022\/06\/289157078_828509341869702_198257452052241307_n-300x200.jpeg 300w, https:\/\/www.stevenromanaestheticmedicine.com\/wp-content\/uploads\/2022\/06\/289157078_828509341869702_198257452052241307_n-768x512.jpeg 768w, https:\/\/www.stevenromanaestheticmedicine.com\/wp-content\/uploads\/2022\/06\/289157078_828509341869702_198257452052241307_n-1536x1024.jpeg 1536w, https:\/\/www.stevenromanaestheticmedicine.com\/wp-content\/uploads\/2022\/06\/289157078_828509341869702_198257452052241307_n-18x12.jpeg 18w, https:\/\/www.stevenromanaestheticmedicine.com\/wp-content\/uploads\/2022\/06\/289157078_828509341869702_198257452052241307_n.jpeg 2048w\" sizes=\"auto, (max-width: 1024px) 100vw, 1024px\" \/>\t\t\t\t\t\t\t\t\t\t\t\t\t\t\t<\/div>\n\t\t\t\t<\/div>\n\t\t\t\t\t<\/div>\n\t\t<\/div>\n\t\t\t\t\t\t\t<\/div>\n\t\t<\/section>\n\t\t\t\t\t\t\t<\/div>","protected":false},"excerpt":{"rendered":"<p>Un efecto lifting sobre el rostro Los hilos tensores son unos hilos finos utilizados en\u00a0Medicina Est\u00e9tica\u00a0para\u00a0rejuvenecer el rostro. Se pueden aplicar tanto para eliminar las arrugas y la flaccidez facial, como para levantar las cejas o, incluso, para redefinir el \u00f3valo de la cara y el contorno de la mand\u00edbula. CASOS DE \u00c9XITO<\/p>","protected":false},"author":1,"featured_media":0,"parent":0,"menu_order":0,"comment_status":"closed","ping_status":"closed","template":"","meta":{"footnotes":""},"class_list":["post-405","page","type-page","status-publish","hentry","entry"],"_links":{"self":[{"href":"https:\/\/www.stevenromanaestheticmedicine.com\/en\/wp-json\/wp\/v2\/pages\/405","targetHints":{"allow":["GET"]}}],"collection":[{"href":"https:\/\/www.stevenromanaestheticmedicine.com\/en\/wp-json\/wp\/v2\/pages"}],"about":[{"href":"https:\/\/www.stevenromanaestheticmedicine.com\/en\/wp-json\/wp\/v2\/types\/page"}],"author":[{"embeddable":true,"href":"https:\/\/www.stevenromanaestheticmedicine.com\/en\/wp-json\/wp\/v2\/users\/1"}],"replies":[{"embeddable":true,"href":"https:\/\/www.stevenromanaestheticmedicine.com\/en\/wp-json\/wp\/v2\/comments?post=405"}],"version-history":[{"count":75,"href":"https:\/\/www.stevenromanaestheticmedicine.com\/en\/wp-json\/wp\/v2\/pages\/405\/revisions"}],"predecessor-version":[{"id":1257,"href":"https:\/\/www.stevenromanaestheticmedicine.com\/en\/wp-json\/wp\/v2\/pages\/405\/revisions\/1257"}],"wp:attachment":[{"href":"https:\/\/www.stevenromanaestheticmedicine.com\/en\/wp-json\/wp\/v2\/media?parent=405"}],"curies":[{"name":"wp","href":"https:\/\/api.w.org\/{rel}","templated":true}]}}