{"id":403,"date":"2021-10-28T17:00:17","date_gmt":"2021-10-28T22:00:17","guid":{"rendered":"https:\/\/www.stevenromanaestheticmedicine.com\/?page_id=403"},"modified":"2025-08-17T20:32:24","modified_gmt":"2025-08-18T01:32:24","slug":"anti-aging","status":"publish","type":"page","link":"https:\/\/www.stevenromanaestheticmedicine.com\/en\/anti-aging\/","title":{"rendered":"ANTI-AGING"},"content":{"rendered":"<div data-elementor-type=\"wp-page\" data-elementor-id=\"403\" class=\"elementor elementor-403\">\n\t\t\t\t\t\t\t\t\t<section class=\"elementor-section elementor-top-section elementor-element elementor-element-71f077c elementor-section-boxed elementor-section-height-default elementor-section-height-default\" data-id=\"71f077c\" data-element_type=\"section\">\n\t\t\t\t\t\t<div class=\"elementor-container elementor-column-gap-default\">\n\t\t\t\t\t<div class=\"elementor-column elementor-col-100 elementor-top-column elementor-element elementor-element-ccb20db\" data-id=\"ccb20db\" data-element_type=\"column\">\n\t\t\t<div class=\"elementor-widget-wrap elementor-element-populated\">\n\t\t\t\t\t\t\t\t<div class=\"elementor-element elementor-element-e9460ea elementor-widget elementor-widget-image\" data-id=\"e9460ea\" data-element_type=\"widget\" data-widget_type=\"image.default\">\n\t\t\t\t<div class=\"elementor-widget-container\">\n\t\t\t<style>\/*! elementor - v3.12.0 - 29-03-2023 *\/\n.elementor-widget-image{text-align:center}.elementor-widget-image a{display:inline-block}.elementor-widget-image a img[src$=\".svg\"]{width:48px}.elementor-widget-image img{vertical-align:middle;display:inline-block}<\/style>\t\t\t\t\t\t\t\t\t\t\t\t<img loading=\"lazy\" decoding=\"async\" width=\"980\" height=\"380\" src=\"https:\/\/www.stevenromanaestheticmedicine.com\/wp-content\/uploads\/2025\/08\/facial-vampiro.jpg\" class=\"attachment-large size-large wp-image-1223\" alt=\"\" srcset=\"https:\/\/www.stevenromanaestheticmedicine.com\/wp-content\/uploads\/2025\/08\/facial-vampiro.jpg 980w, https:\/\/www.stevenromanaestheticmedicine.com\/wp-content\/uploads\/2025\/08\/facial-vampiro-300x116.jpg 300w, https:\/\/www.stevenromanaestheticmedicine.com\/wp-content\/uploads\/2025\/08\/facial-vampiro-768x298.jpg 768w, https:\/\/www.stevenromanaestheticmedicine.com\/wp-content\/uploads\/2025\/08\/facial-vampiro-18x7.jpg 18w\" sizes=\"auto, (max-width: 980px) 100vw, 980px\" \/>\t\t\t\t\t\t\t\t\t\t\t\t\t\t\t<\/div>\n\t\t\t\t<\/div>\n\t\t\t\t\t<\/div>\n\t\t<\/div>\n\t\t\t\t\t\t\t<\/div>\n\t\t<\/section>\n\t\t\t\t<section class=\"elementor-section elementor-top-section elementor-element elementor-element-3454945 elementor-section-boxed elementor-section-height-default elementor-section-height-default\" data-id=\"3454945\" data-element_type=\"section\">\n\t\t\t\t\t\t<div class=\"elementor-container elementor-column-gap-default\">\n\t\t\t\t\t<div class=\"elementor-column elementor-col-100 elementor-top-column elementor-element elementor-element-ef22c37\" data-id=\"ef22c37\" data-element_type=\"column\">\n\t\t\t<div class=\"elementor-widget-wrap elementor-element-populated\">\n\t\t\t\t\t\t\t\t<div class=\"elementor-element elementor-element-1482e5f elementor-widget elementor-widget-heading\" data-id=\"1482e5f\" data-element_type=\"widget\" data-widget_type=\"heading.default\">\n\t\t\t\t<div class=\"elementor-widget-container\">\n\t\t\t<style>\/*! elementor - v3.12.0 - 29-03-2023 *\/\n.elementor-heading-title{padding:0;margin:0;line-height:1}.elementor-widget-heading .elementor-heading-title[class*=elementor-size-]>a{color:inherit;font-size:inherit;line-height:inherit}.elementor-widget-heading .elementor-heading-title.elementor-size-small{font-size:15px}.elementor-widget-heading .elementor-heading-title.elementor-size-medium{font-size:19px}.elementor-widget-heading .elementor-heading-title.elementor-size-large{font-size:29px}.elementor-widget-heading .elementor-heading-title.elementor-size-xl{font-size:39px}.elementor-widget-heading .elementor-heading-title.elementor-size-xxl{font-size:59px}<\/style><h2 class=\"elementor-heading-title elementor-size-default\">ANTI-AGING <\/h2>\t\t<\/div>\n\t\t\t\t<\/div>\n\t\t\t\t\t<\/div>\n\t\t<\/div>\n\t\t\t\t\t\t\t<\/div>\n\t\t<\/section>\n\t\t\t\t<section class=\"elementor-section elementor-top-section elementor-element elementor-element-2b5e7e2 elementor-section-boxed elementor-section-height-default elementor-section-height-default\" data-id=\"2b5e7e2\" data-element_type=\"section\">\n\t\t\t\t\t\t<div class=\"elementor-container elementor-column-gap-default\">\n\t\t\t\t\t<div class=\"elementor-column elementor-col-100 elementor-top-column elementor-element elementor-element-03b8235\" data-id=\"03b8235\" data-element_type=\"column\">\n\t\t\t<div class=\"elementor-widget-wrap elementor-element-populated\">\n\t\t\t\t\t\t\t\t<div class=\"elementor-element elementor-element-9204c37 elementor-widget elementor-widget-text-editor\" data-id=\"9204c37\" data-element_type=\"widget\" data-widget_type=\"text-editor.default\">\n\t\t\t\t<div class=\"elementor-widget-container\">\n\t\t\t<style>\/*! elementor - v3.12.0 - 29-03-2023 *\/\n.elementor-widget-text-editor.elementor-drop-cap-view-stacked .elementor-drop-cap{background-color:#69727d;color:#fff}.elementor-widget-text-editor.elementor-drop-cap-view-framed .elementor-drop-cap{color:#69727d;border:3px solid;background-color:transparent}.elementor-widget-text-editor:not(.elementor-drop-cap-view-default) .elementor-drop-cap{margin-top:8px}.elementor-widget-text-editor:not(.elementor-drop-cap-view-default) .elementor-drop-cap-letter{width:1em;height:1em}.elementor-widget-text-editor .elementor-drop-cap{float:left;text-align:center;line-height:1;font-size:50px}.elementor-widget-text-editor .elementor-drop-cap-letter{display:inline-block}<\/style>\t\t\t\t<h3><strong>El paso del tiempo es inevitable, pero c\u00f3mo lo llevas, s\u00ed depende de ti.<\/strong><\/h3><h3><br data-start=\"472\" data-end=\"475\" \/><span style=\"color: #808080;\">Los tratamientos anti-aging est\u00e1n dise\u00f1ados para ayudarte a lucir y sentirte joven por dentro y por fuera, manteniendo la salud de tu piel, tu energ\u00eda y tu bienestar general en su mejor nivel.<\/span><\/h3><h3><span style=\"color: #808080;\">Beneficios de los tratamientos Anti-Aging<\/span><\/h3><h3 data-start=\"732\" data-end=\"918\"><span style=\"color: #808080;\">Piel m\u00e1s firme, luminosa y saludable<\/span><br data-start=\"778\" data-end=\"781\" \/><span style=\"color: #808080;\">Reduce arrugas, l\u00edneas de expresi\u00f3n, manchas y otros signos visibles de la edad. Tu piel se ve m\u00e1s fresca y joven, sin perder tu esencia.<\/span><\/h3><h3 data-start=\"920\" data-end=\"1076\"><span style=\"color: #808080;\">Prevenci\u00f3n y mantenimiento<\/span><br data-start=\"953\" data-end=\"956\" \/><span style=\"color: #808080;\">No se trata solo de corregir, sino de prevenir. Mientras antes empieces, mejores ser\u00e1n los resultados a largo plazo.<\/span><\/h3><h3 data-start=\"1267\" data-end=\"1453\">\u00a0<\/h3>\t\t\t\t\t\t<\/div>\n\t\t\t\t<\/div>\n\t\t\t\t\t<\/div>\n\t\t<\/div>\n\t\t\t\t\t\t\t<\/div>\n\t\t<\/section>\n\t\t\t\t<section class=\"elementor-section elementor-top-section elementor-element elementor-element-efee6c8 elementor-section-boxed elementor-section-height-default elementor-section-height-default\" data-id=\"efee6c8\" data-element_type=\"section\">\n\t\t\t\t\t\t<div class=\"elementor-container elementor-column-gap-default\">\n\t\t\t\t\t<div class=\"elementor-column elementor-col-100 elementor-top-column elementor-element elementor-element-b4f5fa0\" data-id=\"b4f5fa0\" data-element_type=\"column\">\n\t\t\t<div class=\"elementor-widget-wrap elementor-element-populated\">\n\t\t\t\t\t\t\t\t<div class=\"elementor-element elementor-element-c762b53 elementor-widget elementor-widget-heading\" data-id=\"c762b53\" data-element_type=\"widget\" data-widget_type=\"heading.default\">\n\t\t\t\t<div class=\"elementor-widget-container\">\n\t\t\t<h2 class=\"elementor-heading-title elementor-size-default\">SERVICES <\/h2>\t\t<\/div>\n\t\t\t\t<\/div>\n\t\t\t\t\t<\/div>\n\t\t<\/div>\n\t\t\t\t\t\t\t<\/div>\n\t\t<\/section>\n\t\t\t\t<section class=\"elementor-section elementor-top-section elementor-element elementor-element-aff3e98 elementor-section-boxed elementor-section-height-default elementor-section-height-default\" data-id=\"aff3e98\" data-element_type=\"section\">\n\t\t\t\t\t\t<div class=\"elementor-container elementor-column-gap-default\">\n\t\t\t\t\t<div class=\"elementor-column elementor-col-33 elementor-top-column elementor-element elementor-element-c16d297\" data-id=\"c16d297\" data-element_type=\"column\">\n\t\t\t<div class=\"elementor-widget-wrap elementor-element-populated\">\n\t\t\t\t\t\t\t\t<div class=\"elementor-element elementor-element-a9889c5 elementor-widget elementor-widget-image\" data-id=\"a9889c5\" data-element_type=\"widget\" data-widget_type=\"image.default\">\n\t\t\t\t<div class=\"elementor-widget-container\">\n\t\t\t\t\t\t\t\t\t\t\t\t\t\t\t<img loading=\"lazy\" decoding=\"async\" width=\"676\" height=\"446\" src=\"https:\/\/www.stevenromanaestheticmedicine.com\/wp-content\/uploads\/2025\/08\/dermapen-anti-ageing-facial-ballymena.jpg\" class=\"attachment-large size-large wp-image-1352\" alt=\"\" srcset=\"https:\/\/www.stevenromanaestheticmedicine.com\/wp-content\/uploads\/2025\/08\/dermapen-anti-ageing-facial-ballymena.jpg 676w, https:\/\/www.stevenromanaestheticmedicine.com\/wp-content\/uploads\/2025\/08\/dermapen-anti-ageing-facial-ballymena-300x198.jpg 300w, https:\/\/www.stevenromanaestheticmedicine.com\/wp-content\/uploads\/2025\/08\/dermapen-anti-ageing-facial-ballymena-18x12.jpg 18w\" sizes=\"auto, (max-width: 676px) 100vw, 676px\" \/>\t\t\t\t\t\t\t\t\t\t\t\t\t\t\t<\/div>\n\t\t\t\t<\/div>\n\t\t\t\t<div class=\"elementor-element elementor-element-32a2ca7 elementor-widget elementor-widget-heading\" data-id=\"32a2ca7\" data-element_type=\"widget\" data-widget_type=\"heading.default\">\n\t\t\t\t<div class=\"elementor-widget-container\">\n\t\t\t<h2 class=\"elementor-heading-title elementor-size-default\">DERMAPEN <\/h2>\t\t<\/div>\n\t\t\t\t<\/div>\n\t\t\t\t\t<\/div>\n\t\t<\/div>\n\t\t\t\t<div class=\"elementor-column elementor-col-33 elementor-top-column elementor-element elementor-element-6b855bf\" data-id=\"6b855bf\" data-element_type=\"column\">\n\t\t\t<div class=\"elementor-widget-wrap elementor-element-populated\">\n\t\t\t\t\t\t\t\t<div class=\"elementor-element elementor-element-3a8636b elementor-widget elementor-widget-image\" data-id=\"3a8636b\" data-element_type=\"widget\" data-widget_type=\"image.default\">\n\t\t\t\t<div class=\"elementor-widget-container\">\n\t\t\t\t\t\t\t\t\t\t\t\t\t\t\t<img loading=\"lazy\" decoding=\"async\" width=\"675\" height=\"676\" src=\"https:\/\/www.stevenromanaestheticmedicine.com\/wp-content\/uploads\/2025\/08\/Fibroblast-Skin-Tightening.png\" class=\"attachment-large size-large wp-image-1353\" alt=\"\" srcset=\"https:\/\/www.stevenromanaestheticmedicine.com\/wp-content\/uploads\/2025\/08\/Fibroblast-Skin-Tightening.png 675w, https:\/\/www.stevenromanaestheticmedicine.com\/wp-content\/uploads\/2025\/08\/Fibroblast-Skin-Tightening-300x300.png 300w, https:\/\/www.stevenromanaestheticmedicine.com\/wp-content\/uploads\/2025\/08\/Fibroblast-Skin-Tightening-150x150.png 150w, https:\/\/www.stevenromanaestheticmedicine.com\/wp-content\/uploads\/2025\/08\/Fibroblast-Skin-Tightening-12x12.png 12w\" sizes=\"auto, (max-width: 675px) 100vw, 675px\" \/>\t\t\t\t\t\t\t\t\t\t\t\t\t\t\t<\/div>\n\t\t\t\t<\/div>\n\t\t\t\t<div class=\"elementor-element elementor-element-b394174 elementor-widget elementor-widget-heading\" data-id=\"b394174\" data-element_type=\"widget\" data-widget_type=\"heading.default\">\n\t\t\t\t<div class=\"elementor-widget-container\">\n\t\t\t<h2 class=\"elementor-heading-title elementor-size-default\">FIBROBLAST <\/h2>\t\t<\/div>\n\t\t\t\t<\/div>\n\t\t\t\t\t<\/div>\n\t\t<\/div>\n\t\t\t\t<div class=\"elementor-column elementor-col-33 elementor-top-column elementor-element elementor-element-62d9757\" data-id=\"62d9757\" data-element_type=\"column\">\n\t\t\t<div class=\"elementor-widget-wrap elementor-element-populated\">\n\t\t\t\t\t\t\t\t<div class=\"elementor-element elementor-element-4311a2a elementor-widget elementor-widget-image\" data-id=\"4311a2a\" data-element_type=\"widget\" data-widget_type=\"image.default\">\n\t\t\t\t<div class=\"elementor-widget-container\">\n\t\t\t\t\t\t\t\t\t\t\t\t\t\t\t<img loading=\"lazy\" decoding=\"async\" width=\"600\" height=\"450\" src=\"https:\/\/www.stevenromanaestheticmedicine.com\/wp-content\/uploads\/2025\/08\/microneedling1_600x600.webp\" class=\"attachment-large size-large wp-image-1354\" alt=\"\" srcset=\"https:\/\/www.stevenromanaestheticmedicine.com\/wp-content\/uploads\/2025\/08\/microneedling1_600x600.webp 600w, https:\/\/www.stevenromanaestheticmedicine.com\/wp-content\/uploads\/2025\/08\/microneedling1_600x600-300x225.webp 300w, https:\/\/www.stevenromanaestheticmedicine.com\/wp-content\/uploads\/2025\/08\/microneedling1_600x600-16x12.webp 16w\" sizes=\"auto, (max-width: 600px) 100vw, 600px\" \/>\t\t\t\t\t\t\t\t\t\t\t\t\t\t\t<\/div>\n\t\t\t\t<\/div>\n\t\t\t\t<div class=\"elementor-element elementor-element-05efd0e elementor-widget elementor-widget-heading\" data-id=\"05efd0e\" data-element_type=\"widget\" data-widget_type=\"heading.default\">\n\t\t\t\t<div class=\"elementor-widget-container\">\n\t\t\t<h2 class=\"elementor-heading-title elementor-size-default\">MICRONEEBLING <\/h2>\t\t<\/div>\n\t\t\t\t<\/div>\n\t\t\t\t\t<\/div>\n\t\t<\/div>\n\t\t\t\t\t\t\t<\/div>\n\t\t<\/section>\n\t\t\t\t\t\t\t<\/div>","protected":false},"excerpt":{"rendered":"<p>ANTI-AGING El paso del tiempo es inevitable, pero c\u00f3mo lo llevas, s\u00ed depende de ti. Los tratamientos anti-aging est\u00e1n dise\u00f1ados para ayudarte a lucir y sentirte joven por dentro y por fuera, manteniendo la salud de tu piel, tu energ\u00eda y tu bienestar general en su mejor nivel. Beneficios de los tratamientos Anti-Aging Piel m\u00e1s [&hellip;]<\/p>","protected":false},"author":1,"featured_media":0,"parent":0,"menu_order":0,"comment_status":"closed","ping_status":"closed","template":"","meta":{"footnotes":""},"class_list":["post-403","page","type-page","status-publish","hentry","entry"],"_links":{"self":[{"href":"https:\/\/www.stevenromanaestheticmedicine.com\/en\/wp-json\/wp\/v2\/pages\/403","targetHints":{"allow":["GET"]}}],"collection":[{"href":"https:\/\/www.stevenromanaestheticmedicine.com\/en\/wp-json\/wp\/v2\/pages"}],"about":[{"href":"https:\/\/www.stevenromanaestheticmedicine.com\/en\/wp-json\/wp\/v2\/types\/page"}],"author":[{"embeddable":true,"href":"https:\/\/www.stevenromanaestheticmedicine.com\/en\/wp-json\/wp\/v2\/users\/1"}],"replies":[{"embeddable":true,"href":"https:\/\/www.stevenromanaestheticmedicine.com\/en\/wp-json\/wp\/v2\/comments?post=403"}],"version-history":[{"count":34,"href":"https:\/\/www.stevenromanaestheticmedicine.com\/en\/wp-json\/wp\/v2\/pages\/403\/revisions"}],"predecessor-version":[{"id":1361,"href":"https:\/\/www.stevenromanaestheticmedicine.com\/en\/wp-json\/wp\/v2\/pages\/403\/revisions\/1361"}],"wp:attachment":[{"href":"https:\/\/www.stevenromanaestheticmedicine.com\/en\/wp-json\/wp\/v2\/media?parent=403"}],"curies":[{"name":"wp","href":"https:\/\/api.w.org\/{rel}","templated":true}]}}