{"id":401,"date":"2021-10-28T16:59:47","date_gmt":"2021-10-28T21:59:47","guid":{"rendered":"https:\/\/www.stevenromanaestheticmedicine.com\/?page_id=401"},"modified":"2025-08-14T17:14:07","modified_gmt":"2025-08-14T22:14:07","slug":"acne-solutions","status":"publish","type":"page","link":"https:\/\/www.stevenromanaestheticmedicine.com\/en\/acne-solutions\/","title":{"rendered":"ACNE SOLUTIONS"},"content":{"rendered":"<div data-elementor-type=\"wp-page\" data-elementor-id=\"401\" class=\"elementor elementor-401\">\n\t\t\t\t\t\t\t\t\t<section class=\"elementor-section elementor-top-section elementor-element elementor-element-c1fb2cc elementor-section-boxed elementor-section-height-default elementor-section-height-default\" data-id=\"c1fb2cc\" data-element_type=\"section\">\n\t\t\t\t\t\t<div class=\"elementor-container elementor-column-gap-default\">\n\t\t\t\t\t<div class=\"elementor-column elementor-col-100 elementor-top-column elementor-element elementor-element-3d4f47f\" data-id=\"3d4f47f\" data-element_type=\"column\">\n\t\t\t<div class=\"elementor-widget-wrap elementor-element-populated\">\n\t\t\t\t\t\t\t\t<div class=\"elementor-element elementor-element-5711d55 elementor-widget elementor-widget-image\" data-id=\"5711d55\" data-element_type=\"widget\" data-widget_type=\"image.default\">\n\t\t\t\t<div class=\"elementor-widget-container\">\n\t\t\t<style>\/*! elementor - v3.12.0 - 29-03-2023 *\/\n.elementor-widget-image{text-align:center}.elementor-widget-image a{display:inline-block}.elementor-widget-image a img[src$=\".svg\"]{width:48px}.elementor-widget-image img{vertical-align:middle;display:inline-block}<\/style>\t\t\t\t\t\t\t\t\t\t\t\t<img loading=\"lazy\" decoding=\"async\" width=\"1024\" height=\"576\" src=\"https:\/\/www.stevenromanaestheticmedicine.com\/wp-content\/uploads\/2025\/08\/1723ae3f-9e2e-4918-8c1d-ced9692db7a7-1024x576.jpg\" class=\"attachment-large size-large wp-image-1263\" alt=\"\" srcset=\"https:\/\/www.stevenromanaestheticmedicine.com\/wp-content\/uploads\/2025\/08\/1723ae3f-9e2e-4918-8c1d-ced9692db7a7-1024x576.jpg 1024w, https:\/\/www.stevenromanaestheticmedicine.com\/wp-content\/uploads\/2025\/08\/1723ae3f-9e2e-4918-8c1d-ced9692db7a7-300x169.jpg 300w, https:\/\/www.stevenromanaestheticmedicine.com\/wp-content\/uploads\/2025\/08\/1723ae3f-9e2e-4918-8c1d-ced9692db7a7-768x432.jpg 768w, https:\/\/www.stevenromanaestheticmedicine.com\/wp-content\/uploads\/2025\/08\/1723ae3f-9e2e-4918-8c1d-ced9692db7a7-1536x864.jpg 1536w, https:\/\/www.stevenromanaestheticmedicine.com\/wp-content\/uploads\/2025\/08\/1723ae3f-9e2e-4918-8c1d-ced9692db7a7-18x10.jpg 18w, https:\/\/www.stevenromanaestheticmedicine.com\/wp-content\/uploads\/2025\/08\/1723ae3f-9e2e-4918-8c1d-ced9692db7a7.jpg 1715w\" sizes=\"auto, (max-width: 1024px) 100vw, 1024px\" \/>\t\t\t\t\t\t\t\t\t\t\t\t\t\t\t<\/div>\n\t\t\t\t<\/div>\n\t\t\t\t\t<\/div>\n\t\t<\/div>\n\t\t\t\t\t\t\t<\/div>\n\t\t<\/section>\n\t\t\t\t<section class=\"elementor-section elementor-top-section elementor-element elementor-element-fc85091 elementor-section-boxed elementor-section-height-default elementor-section-height-default\" data-id=\"fc85091\" data-element_type=\"section\">\n\t\t\t\t\t\t<div class=\"elementor-container elementor-column-gap-default\">\n\t\t\t\t\t<div class=\"elementor-column elementor-col-100 elementor-top-column elementor-element elementor-element-adfb9e2\" data-id=\"adfb9e2\" data-element_type=\"column\">\n\t\t\t<div class=\"elementor-widget-wrap elementor-element-populated\">\n\t\t\t\t\t\t\t\t<div class=\"elementor-element elementor-element-f661c5b elementor-widget elementor-widget-heading\" data-id=\"f661c5b\" data-element_type=\"widget\" data-widget_type=\"heading.default\">\n\t\t\t\t<div class=\"elementor-widget-container\">\n\t\t\t<style>\/*! elementor - v3.12.0 - 29-03-2023 *\/\n.elementor-heading-title{padding:0;margin:0;line-height:1}.elementor-widget-heading .elementor-heading-title[class*=elementor-size-]>a{color:inherit;font-size:inherit;line-height:inherit}.elementor-widget-heading .elementor-heading-title.elementor-size-small{font-size:15px}.elementor-widget-heading .elementor-heading-title.elementor-size-medium{font-size:19px}.elementor-widget-heading .elementor-heading-title.elementor-size-large{font-size:29px}.elementor-widget-heading .elementor-heading-title.elementor-size-xl{font-size:39px}.elementor-widget-heading .elementor-heading-title.elementor-size-xxl{font-size:59px}<\/style><h2 class=\"elementor-heading-title elementor-size-default\">\u00a1DI ADI\u00d3S AL ACN\u00c9 Y HOLA A UNA PIEL RADIANTE!<\/h2>\t\t<\/div>\n\t\t\t\t<\/div>\n\t\t\t\t\t<\/div>\n\t\t<\/div>\n\t\t\t\t\t\t\t<\/div>\n\t\t<\/section>\n\t\t\t\t<section class=\"elementor-section elementor-top-section elementor-element elementor-element-f8eb7d2 elementor-section-boxed elementor-section-height-default elementor-section-height-default\" data-id=\"f8eb7d2\" data-element_type=\"section\">\n\t\t\t\t\t\t<div class=\"elementor-container elementor-column-gap-default\">\n\t\t\t\t\t<div class=\"elementor-column elementor-col-100 elementor-top-column elementor-element elementor-element-91fa971\" data-id=\"91fa971\" data-element_type=\"column\">\n\t\t\t<div class=\"elementor-widget-wrap elementor-element-populated\">\n\t\t\t\t\t\t\t\t<div class=\"elementor-element elementor-element-fdbd152 elementor-widget elementor-widget-text-editor\" data-id=\"fdbd152\" data-element_type=\"widget\" data-widget_type=\"text-editor.default\">\n\t\t\t\t<div class=\"elementor-widget-container\">\n\t\t\t<style>\/*! elementor - v3.12.0 - 29-03-2023 *\/\n.elementor-widget-text-editor.elementor-drop-cap-view-stacked .elementor-drop-cap{background-color:#69727d;color:#fff}.elementor-widget-text-editor.elementor-drop-cap-view-framed .elementor-drop-cap{color:#69727d;border:3px solid;background-color:transparent}.elementor-widget-text-editor:not(.elementor-drop-cap-view-default) .elementor-drop-cap{margin-top:8px}.elementor-widget-text-editor:not(.elementor-drop-cap-view-default) .elementor-drop-cap-letter{width:1em;height:1em}.elementor-widget-text-editor .elementor-drop-cap{float:left;text-align:center;line-height:1;font-size:50px}.elementor-widget-text-editor .elementor-drop-cap-letter{display:inline-block}<\/style>\t\t\t\t<p>El acn\u00e9 no es solo una preocupaci\u00f3n est\u00e9tica, sino una condici\u00f3n de la piel que puede afectar tu autoestima y dejar cicatrices permanentes si no se trata correctamente. Muchas personas prueban soluciones caseras o productos gen\u00e9ricos sin resultados reales, lo que puede empeorar la situaci\u00f3n.<\/p><p>entendemos que cada piel es diferente. Por eso, ofrecemos <strong data-start=\"432\" data-end=\"489\">diagn\u00f3stico profesional y tratamientos personalizados<\/strong> que abordan las causas reales del acn\u00e9 como el exceso de grasa, bacterias, inflamaci\u00f3n y cambios hormonales para lograr una piel limpia, sana y sin marcas.<\/p><p>\u00a0<\/p>\t\t\t\t\t\t<\/div>\n\t\t\t\t<\/div>\n\t\t\t\t\t<\/div>\n\t\t<\/div>\n\t\t\t\t\t\t\t<\/div>\n\t\t<\/section>\n\t\t\t\t<section class=\"elementor-section elementor-top-section elementor-element elementor-element-8c17e41 elementor-section-boxed elementor-section-height-default elementor-section-height-default\" data-id=\"8c17e41\" data-element_type=\"section\">\n\t\t\t\t\t\t<div class=\"elementor-container elementor-column-gap-default\">\n\t\t\t\t\t<div class=\"elementor-column elementor-col-100 elementor-top-column elementor-element elementor-element-6a63e8b\" data-id=\"6a63e8b\" data-element_type=\"column\">\n\t\t\t<div class=\"elementor-widget-wrap elementor-element-populated\">\n\t\t\t\t\t\t\t\t<div class=\"elementor-element elementor-element-9352dce elementor-widget elementor-widget-heading\" data-id=\"9352dce\" data-element_type=\"widget\" data-widget_type=\"heading.default\">\n\t\t\t\t<div class=\"elementor-widget-container\">\n\t\t\t<h2 class=\"elementor-heading-title elementor-size-default\">SERVICIOS<\/h2>\t\t<\/div>\n\t\t\t\t<\/div>\n\t\t\t\t\t<\/div>\n\t\t<\/div>\n\t\t\t\t\t\t\t<\/div>\n\t\t<\/section>\n\t\t\t\t<section class=\"elementor-section elementor-top-section elementor-element elementor-element-de4e61f elementor-section-boxed elementor-section-height-default elementor-section-height-default\" data-id=\"de4e61f\" data-element_type=\"section\">\n\t\t\t\t\t\t<div class=\"elementor-container elementor-column-gap-default\">\n\t\t\t\t\t<div class=\"elementor-column elementor-col-33 elementor-top-column elementor-element elementor-element-6f64a59\" data-id=\"6f64a59\" data-element_type=\"column\">\n\t\t\t<div class=\"elementor-widget-wrap elementor-element-populated\">\n\t\t\t\t\t\t\t\t<div class=\"elementor-element elementor-element-4c7f69d elementor-widget elementor-widget-image\" data-id=\"4c7f69d\" data-element_type=\"widget\" data-widget_type=\"image.default\">\n\t\t\t\t<div class=\"elementor-widget-container\">\n\t\t\t\t\t\t\t\t\t\t\t\t\t\t\t<img loading=\"lazy\" decoding=\"async\" width=\"1000\" height=\"562\" src=\"https:\/\/www.stevenromanaestheticmedicine.com\/wp-content\/uploads\/2025\/08\/4c0789bb-90cc-49fe-9ed8-a6dadd3b95a3.jpg\" class=\"attachment-large size-large wp-image-1264\" alt=\"\" srcset=\"https:\/\/www.stevenromanaestheticmedicine.com\/wp-content\/uploads\/2025\/08\/4c0789bb-90cc-49fe-9ed8-a6dadd3b95a3.jpg 1000w, https:\/\/www.stevenromanaestheticmedicine.com\/wp-content\/uploads\/2025\/08\/4c0789bb-90cc-49fe-9ed8-a6dadd3b95a3-300x169.jpg 300w, https:\/\/www.stevenromanaestheticmedicine.com\/wp-content\/uploads\/2025\/08\/4c0789bb-90cc-49fe-9ed8-a6dadd3b95a3-768x432.jpg 768w, https:\/\/www.stevenromanaestheticmedicine.com\/wp-content\/uploads\/2025\/08\/4c0789bb-90cc-49fe-9ed8-a6dadd3b95a3-18x10.jpg 18w\" sizes=\"auto, (max-width: 1000px) 100vw, 1000px\" \/>\t\t\t\t\t\t\t\t\t\t\t\t\t\t\t<\/div>\n\t\t\t\t<\/div>\n\t\t\t\t<div class=\"elementor-element elementor-element-a77885e elementor-widget elementor-widget-heading\" data-id=\"a77885e\" data-element_type=\"widget\" data-widget_type=\"heading.default\">\n\t\t\t\t<div class=\"elementor-widget-container\">\n\t\t\t<h2 class=\"elementor-heading-title elementor-size-default\">PEELING QUIMICO <\/h2>\t\t<\/div>\n\t\t\t\t<\/div>\n\t\t\t\t\t<\/div>\n\t\t<\/div>\n\t\t\t\t<div class=\"elementor-column elementor-col-33 elementor-top-column elementor-element elementor-element-9a2a165\" data-id=\"9a2a165\" data-element_type=\"column\">\n\t\t\t<div class=\"elementor-widget-wrap elementor-element-populated\">\n\t\t\t\t\t\t\t\t<div class=\"elementor-element elementor-element-8db52bc elementor-widget elementor-widget-image\" data-id=\"8db52bc\" data-element_type=\"widget\" data-widget_type=\"image.default\">\n\t\t\t\t<div class=\"elementor-widget-container\">\n\t\t\t\t\t\t\t\t\t\t\t\t\t\t\t<img loading=\"lazy\" decoding=\"async\" width=\"768\" height=\"432\" src=\"https:\/\/www.stevenromanaestheticmedicine.com\/wp-content\/uploads\/2025\/08\/d91f6fbf-148f-4706-9dc1-c8a00eeea500-768x432.png\" class=\"attachment-medium_large size-medium_large wp-image-1265\" alt=\"\" srcset=\"https:\/\/www.stevenromanaestheticmedicine.com\/wp-content\/uploads\/2025\/08\/d91f6fbf-148f-4706-9dc1-c8a00eeea500-768x432.png 768w, https:\/\/www.stevenromanaestheticmedicine.com\/wp-content\/uploads\/2025\/08\/d91f6fbf-148f-4706-9dc1-c8a00eeea500-300x169.png 300w, https:\/\/www.stevenromanaestheticmedicine.com\/wp-content\/uploads\/2025\/08\/d91f6fbf-148f-4706-9dc1-c8a00eeea500-18x10.png 18w, https:\/\/www.stevenromanaestheticmedicine.com\/wp-content\/uploads\/2025\/08\/d91f6fbf-148f-4706-9dc1-c8a00eeea500.png 1024w\" sizes=\"auto, (max-width: 768px) 100vw, 768px\" \/>\t\t\t\t\t\t\t\t\t\t\t\t\t\t\t<\/div>\n\t\t\t\t<\/div>\n\t\t\t\t<div class=\"elementor-element elementor-element-3910cfb elementor-widget elementor-widget-heading\" data-id=\"3910cfb\" data-element_type=\"widget\" data-widget_type=\"heading.default\">\n\t\t\t\t<div class=\"elementor-widget-container\">\n\t\t\t<h2 class=\"elementor-heading-title elementor-size-default\">LASER<\/h2>\t\t<\/div>\n\t\t\t\t<\/div>\n\t\t\t\t\t<\/div>\n\t\t<\/div>\n\t\t\t\t<div class=\"elementor-column elementor-col-33 elementor-top-column elementor-element elementor-element-3de92f9\" data-id=\"3de92f9\" data-element_type=\"column\">\n\t\t\t<div class=\"elementor-widget-wrap elementor-element-populated\">\n\t\t\t\t\t\t\t\t\t<\/div>\n\t\t<\/div>\n\t\t\t\t\t\t\t<\/div>\n\t\t<\/section>\n\t\t\t\t<section class=\"elementor-section elementor-top-section elementor-element elementor-element-7f55762 elementor-section-boxed elementor-section-height-default elementor-section-height-default\" data-id=\"7f55762\" data-element_type=\"section\">\n\t\t\t\t\t\t<div class=\"elementor-container elementor-column-gap-default\">\n\t\t\t\t\t<div class=\"elementor-column elementor-col-33 elementor-top-column elementor-element elementor-element-60d46fa\" data-id=\"60d46fa\" data-element_type=\"column\">\n\t\t\t<div class=\"elementor-widget-wrap elementor-element-populated\">\n\t\t\t\t\t\t\t\t\t<\/div>\n\t\t<\/div>\n\t\t\t\t<div class=\"elementor-column elementor-col-33 elementor-top-column elementor-element elementor-element-ea2285e\" data-id=\"ea2285e\" data-element_type=\"column\">\n\t\t\t<div class=\"elementor-widget-wrap elementor-element-populated\">\n\t\t\t\t\t\t\t\t\t<\/div>\n\t\t<\/div>\n\t\t\t\t<div class=\"elementor-column elementor-col-33 elementor-top-column elementor-element elementor-element-7bdfefe\" data-id=\"7bdfefe\" data-element_type=\"column\">\n\t\t\t<div class=\"elementor-widget-wrap elementor-element-populated\">\n\t\t\t\t\t\t\t\t\t<\/div>\n\t\t<\/div>\n\t\t\t\t\t\t\t<\/div>\n\t\t<\/section>\n\t\t\t\t\t\t\t<\/div>","protected":false},"excerpt":{"rendered":"<p>\u00a1DI ADI\u00d3S AL ACN\u00c9 Y HOLA A UNA PIEL RADIANTE! El acn\u00e9 no es solo una preocupaci\u00f3n est\u00e9tica, sino una condici\u00f3n de la piel que puede afectar tu autoestima y dejar cicatrices permanentes si no se trata correctamente. Muchas personas prueban soluciones caseras o productos gen\u00e9ricos sin resultados reales, lo que puede empeorar la situaci\u00f3n. [&hellip;]<\/p>","protected":false},"author":1,"featured_media":0,"parent":0,"menu_order":0,"comment_status":"closed","ping_status":"closed","template":"","meta":{"footnotes":""},"class_list":["post-401","page","type-page","status-publish","hentry","entry"],"_links":{"self":[{"href":"https:\/\/www.stevenromanaestheticmedicine.com\/en\/wp-json\/wp\/v2\/pages\/401","targetHints":{"allow":["GET"]}}],"collection":[{"href":"https:\/\/www.stevenromanaestheticmedicine.com\/en\/wp-json\/wp\/v2\/pages"}],"about":[{"href":"https:\/\/www.stevenromanaestheticmedicine.com\/en\/wp-json\/wp\/v2\/types\/page"}],"author":[{"embeddable":true,"href":"https:\/\/www.stevenromanaestheticmedicine.com\/en\/wp-json\/wp\/v2\/users\/1"}],"replies":[{"embeddable":true,"href":"https:\/\/www.stevenromanaestheticmedicine.com\/en\/wp-json\/wp\/v2\/comments?post=401"}],"version-history":[{"count":42,"href":"https:\/\/www.stevenromanaestheticmedicine.com\/en\/wp-json\/wp\/v2\/pages\/401\/revisions"}],"predecessor-version":[{"id":1269,"href":"https:\/\/www.stevenromanaestheticmedicine.com\/en\/wp-json\/wp\/v2\/pages\/401\/revisions\/1269"}],"wp:attachment":[{"href":"https:\/\/www.stevenromanaestheticmedicine.com\/en\/wp-json\/wp\/v2\/media?parent=401"}],"curies":[{"name":"wp","href":"https:\/\/api.w.org\/{rel}","templated":true}]}}