{"id":399,"date":"2021-10-28T16:59:25","date_gmt":"2021-10-28T21:59:25","guid":{"rendered":"https:\/\/www.stevenromanaestheticmedicine.com\/?page_id=399"},"modified":"2025-08-16T18:42:35","modified_gmt":"2025-08-16T23:42:35","slug":"body-contouring","status":"publish","type":"page","link":"https:\/\/www.stevenromanaestheticmedicine.com\/en\/body-contouring\/","title":{"rendered":"BODY CONTOURING"},"content":{"rendered":"<div data-elementor-type=\"wp-page\" data-elementor-id=\"399\" class=\"elementor elementor-399\">\n\t\t\t\t\t\t\t\t\t<section class=\"elementor-section elementor-top-section elementor-element elementor-element-1ccd79c elementor-section-boxed elementor-section-height-default elementor-section-height-default\" data-id=\"1ccd79c\" data-element_type=\"section\">\n\t\t\t\t\t\t<div class=\"elementor-container elementor-column-gap-default\">\n\t\t\t\t\t<div class=\"elementor-column elementor-col-100 elementor-top-column elementor-element elementor-element-94ec0a9\" data-id=\"94ec0a9\" data-element_type=\"column\">\n\t\t\t<div class=\"elementor-widget-wrap elementor-element-populated\">\n\t\t\t\t\t\t\t\t<div class=\"elementor-element elementor-element-858d5e1 elementor-widget elementor-widget-image\" data-id=\"858d5e1\" data-element_type=\"widget\" data-widget_type=\"image.default\">\n\t\t\t\t<div class=\"elementor-widget-container\">\n\t\t\t<style>\/*! elementor - v3.12.0 - 29-03-2023 *\/\n.elementor-widget-image{text-align:center}.elementor-widget-image a{display:inline-block}.elementor-widget-image a img[src$=\".svg\"]{width:48px}.elementor-widget-image img{vertical-align:middle;display:inline-block}<\/style>\t\t\t\t\t\t\t\t\t\t\t\t<img loading=\"lazy\" decoding=\"async\" width=\"1000\" height=\"667\" src=\"https:\/\/www.stevenromanaestheticmedicine.com\/wp-content\/uploads\/2025\/08\/BIDDY-CONTOUR.jpg\" class=\"attachment-large size-large wp-image-1192\" alt=\"MOLDEO CORPORAL\" srcset=\"https:\/\/www.stevenromanaestheticmedicine.com\/wp-content\/uploads\/2025\/08\/BIDDY-CONTOUR.jpg 1000w, https:\/\/www.stevenromanaestheticmedicine.com\/wp-content\/uploads\/2025\/08\/BIDDY-CONTOUR-300x200.jpg 300w, https:\/\/www.stevenromanaestheticmedicine.com\/wp-content\/uploads\/2025\/08\/BIDDY-CONTOUR-768x512.jpg 768w, https:\/\/www.stevenromanaestheticmedicine.com\/wp-content\/uploads\/2025\/08\/BIDDY-CONTOUR-18x12.jpg 18w\" sizes=\"auto, (max-width: 1000px) 100vw, 1000px\" \/>\t\t\t\t\t\t\t\t\t\t\t\t\t\t\t<\/div>\n\t\t\t\t<\/div>\n\t\t\t\t\t<\/div>\n\t\t<\/div>\n\t\t\t\t\t\t\t<\/div>\n\t\t<\/section>\n\t\t\t\t<section class=\"elementor-section elementor-top-section elementor-element elementor-element-e1d52a6 elementor-section-boxed elementor-section-height-default elementor-section-height-default\" data-id=\"e1d52a6\" data-element_type=\"section\">\n\t\t\t\t\t\t<div class=\"elementor-container elementor-column-gap-default\">\n\t\t\t\t\t<div class=\"elementor-column elementor-col-100 elementor-top-column elementor-element elementor-element-8b365bc\" data-id=\"8b365bc\" data-element_type=\"column\">\n\t\t\t<div class=\"elementor-widget-wrap elementor-element-populated\">\n\t\t\t\t\t\t\t\t<div class=\"elementor-element elementor-element-4289f05 elementor-widget elementor-widget-heading\" data-id=\"4289f05\" data-element_type=\"widget\" data-widget_type=\"heading.default\">\n\t\t\t\t<div class=\"elementor-widget-container\">\n\t\t\t<style>\/*! elementor - v3.12.0 - 29-03-2023 *\/\n.elementor-heading-title{padding:0;margin:0;line-height:1}.elementor-widget-heading .elementor-heading-title[class*=elementor-size-]>a{color:inherit;font-size:inherit;line-height:inherit}.elementor-widget-heading .elementor-heading-title.elementor-size-small{font-size:15px}.elementor-widget-heading .elementor-heading-title.elementor-size-medium{font-size:19px}.elementor-widget-heading .elementor-heading-title.elementor-size-large{font-size:29px}.elementor-widget-heading .elementor-heading-title.elementor-size-xl{font-size:39px}.elementor-widget-heading .elementor-heading-title.elementor-size-xxl{font-size:59px}<\/style><h2 class=\"elementor-heading-title elementor-size-default\">BODY CONTOURING <\/h2>\t\t<\/div>\n\t\t\t\t<\/div>\n\t\t\t\t\t<\/div>\n\t\t<\/div>\n\t\t\t\t\t\t\t<\/div>\n\t\t<\/section>\n\t\t\t\t<section class=\"elementor-section elementor-top-section elementor-element elementor-element-5804c38 elementor-section-boxed elementor-section-height-default elementor-section-height-default\" data-id=\"5804c38\" data-element_type=\"section\">\n\t\t\t\t\t\t<div class=\"elementor-container elementor-column-gap-default\">\n\t\t\t\t\t<div class=\"elementor-column elementor-col-100 elementor-top-column elementor-element elementor-element-f4936e8\" data-id=\"f4936e8\" data-element_type=\"column\">\n\t\t\t<div class=\"elementor-widget-wrap elementor-element-populated\">\n\t\t\t\t\t\t\t\t<div class=\"elementor-element elementor-element-81ad6e5 elementor-widget elementor-widget-text-editor\" data-id=\"81ad6e5\" data-element_type=\"widget\" data-widget_type=\"text-editor.default\">\n\t\t\t\t<div class=\"elementor-widget-container\">\n\t\t\t<style>\/*! elementor - v3.12.0 - 29-03-2023 *\/\n.elementor-widget-text-editor.elementor-drop-cap-view-stacked .elementor-drop-cap{background-color:#69727d;color:#fff}.elementor-widget-text-editor.elementor-drop-cap-view-framed .elementor-drop-cap{color:#69727d;border:3px solid;background-color:transparent}.elementor-widget-text-editor:not(.elementor-drop-cap-view-default) .elementor-drop-cap{margin-top:8px}.elementor-widget-text-editor:not(.elementor-drop-cap-view-default) .elementor-drop-cap-letter{width:1em;height:1em}.elementor-widget-text-editor .elementor-drop-cap{float:left;text-align:center;line-height:1;font-size:50px}.elementor-widget-text-editor .elementor-drop-cap-letter{display:inline-block}<\/style>\t\t\t\t<p data-start=\"219\" data-end=\"530\">El <strong data-start=\"222\" data-end=\"241\">body contouring<\/strong> o <strong data-start=\"244\" data-end=\"263\">moldeo corporal<\/strong> es un conjunto de tratamientos no invasivos dise\u00f1ados para <strong data-start=\"323\" data-end=\"391\">reducir grasa localizada, tonificar la piel y definir la silueta<\/strong> sin necesidad de cirug\u00eda. Ideal para quienes desean mejorar \u00e1reas espec\u00edficas del cuerpo como abdomen, cintura, brazos, piernas o gl\u00fateos.<\/p><h4 data-start=\"532\" data-end=\"574\"><strong data-start=\"539\" data-end=\"574\">\u00a0Beneficios del Body Contouring:<\/strong><\/h4><ul data-start=\"575\" data-end=\"811\"><li data-start=\"575\" data-end=\"608\"><p data-start=\"577\" data-end=\"608\">Reducci\u00f3n de grasa localizada<\/p><\/li><li data-start=\"609\" data-end=\"655\"><p data-start=\"611\" data-end=\"655\">Mejora la firmeza y elasticidad de la piel<\/p><\/li><li data-start=\"656\" data-end=\"706\"><p data-start=\"658\" data-end=\"706\">Estimula la circulaci\u00f3n y el drenaje linf\u00e1tico<\/p><\/li><li data-start=\"707\" data-end=\"746\"><p data-start=\"709\" data-end=\"746\">Ayuda a definir y moldear la figura<\/p><\/li><li data-start=\"747\" data-end=\"811\"><p data-start=\"749\" data-end=\"811\">Procedimientos seguros, sin dolor y sin tiempo de recuperaci\u00f3n<\/p><\/li><\/ul>\t\t\t\t\t\t<\/div>\n\t\t\t\t<\/div>\n\t\t\t\t\t<\/div>\n\t\t<\/div>\n\t\t\t\t\t\t\t<\/div>\n\t\t<\/section>\n\t\t\t\t<section class=\"elementor-section elementor-top-section elementor-element elementor-element-a96e659 elementor-section-boxed elementor-section-height-default elementor-section-height-default\" data-id=\"a96e659\" data-element_type=\"section\">\n\t\t\t\t\t\t<div class=\"elementor-container elementor-column-gap-default\">\n\t\t\t\t\t<div class=\"elementor-column elementor-col-100 elementor-top-column elementor-element elementor-element-3cccd5e\" data-id=\"3cccd5e\" data-element_type=\"column\">\n\t\t\t<div class=\"elementor-widget-wrap elementor-element-populated\">\n\t\t\t\t\t\t\t\t<div class=\"elementor-element elementor-element-a081b26 elementor-widget elementor-widget-heading\" data-id=\"a081b26\" data-element_type=\"widget\" data-widget_type=\"heading.default\">\n\t\t\t\t<div class=\"elementor-widget-container\">\n\t\t\t<h2 class=\"elementor-heading-title elementor-size-default\">SERVICES<\/h2>\t\t<\/div>\n\t\t\t\t<\/div>\n\t\t\t\t\t<\/div>\n\t\t<\/div>\n\t\t\t\t\t\t\t<\/div>\n\t\t<\/section>\n\t\t\t\t<section class=\"elementor-section elementor-top-section elementor-element elementor-element-6d8435b elementor-section-boxed elementor-section-height-default elementor-section-height-default\" data-id=\"6d8435b\" data-element_type=\"section\">\n\t\t\t\t\t\t<div class=\"elementor-container elementor-column-gap-default\">\n\t\t\t\t\t<div class=\"elementor-column elementor-col-25 elementor-top-column elementor-element elementor-element-fefe354\" data-id=\"fefe354\" data-element_type=\"column\">\n\t\t\t<div class=\"elementor-widget-wrap elementor-element-populated\">\n\t\t\t\t\t\t\t\t<div class=\"elementor-element elementor-element-5919d59 elementor-widget elementor-widget-image\" data-id=\"5919d59\" data-element_type=\"widget\" data-widget_type=\"image.default\">\n\t\t\t\t<div class=\"elementor-widget-container\">\n\t\t\t\t\t\t\t\t\t\t\t\t\t\t\t<img loading=\"lazy\" decoding=\"async\" width=\"600\" height=\"400\" src=\"https:\/\/www.stevenromanaestheticmedicine.com\/wp-content\/uploads\/2025\/08\/doctor-of-aesthetic-cosmetology-makes-lipolytic-injections-to-burn-picture-id1291235904.jpg\" class=\"attachment-large size-large wp-image-1313\" alt=\"\" srcset=\"https:\/\/www.stevenromanaestheticmedicine.com\/wp-content\/uploads\/2025\/08\/doctor-of-aesthetic-cosmetology-makes-lipolytic-injections-to-burn-picture-id1291235904.jpg 600w, https:\/\/www.stevenromanaestheticmedicine.com\/wp-content\/uploads\/2025\/08\/doctor-of-aesthetic-cosmetology-makes-lipolytic-injections-to-burn-picture-id1291235904-300x200.jpg 300w, https:\/\/www.stevenromanaestheticmedicine.com\/wp-content\/uploads\/2025\/08\/doctor-of-aesthetic-cosmetology-makes-lipolytic-injections-to-burn-picture-id1291235904-18x12.jpg 18w\" sizes=\"auto, (max-width: 600px) 100vw, 600px\" \/>\t\t\t\t\t\t\t\t\t\t\t\t\t\t\t<\/div>\n\t\t\t\t<\/div>\n\t\t\t\t<div class=\"elementor-element elementor-element-a2179c7 elementor-widget elementor-widget-heading\" data-id=\"a2179c7\" data-element_type=\"widget\" data-widget_type=\"heading.default\">\n\t\t\t\t<div class=\"elementor-widget-container\">\n\t\t\t<h2 class=\"elementor-heading-title elementor-size-default\">FAT BURNERS <\/h2>\t\t<\/div>\n\t\t\t\t<\/div>\n\t\t\t\t<div class=\"elementor-element elementor-element-f2228aa elementor-widget elementor-widget-image\" data-id=\"f2228aa\" data-element_type=\"widget\" data-widget_type=\"image.default\">\n\t\t\t\t<div class=\"elementor-widget-container\">\n\t\t\t\t\t\t\t\t\t\t\t\t\t\t\t<img loading=\"lazy\" decoding=\"async\" width=\"640\" height=\"427\" src=\"https:\/\/www.stevenromanaestheticmedicine.com\/wp-content\/uploads\/2025\/08\/shutterstock_23936856592-640w.webp\" class=\"attachment-large size-large wp-image-1316\" alt=\"\" srcset=\"https:\/\/www.stevenromanaestheticmedicine.com\/wp-content\/uploads\/2025\/08\/shutterstock_23936856592-640w.webp 640w, https:\/\/www.stevenromanaestheticmedicine.com\/wp-content\/uploads\/2025\/08\/shutterstock_23936856592-640w-300x200.webp 300w, https:\/\/www.stevenromanaestheticmedicine.com\/wp-content\/uploads\/2025\/08\/shutterstock_23936856592-640w-18x12.webp 18w\" sizes=\"auto, (max-width: 640px) 100vw, 640px\" \/>\t\t\t\t\t\t\t\t\t\t\t\t\t\t\t<\/div>\n\t\t\t\t<\/div>\n\t\t\t\t<div class=\"elementor-element elementor-element-96416f6 elementor-widget elementor-widget-heading\" data-id=\"96416f6\" data-element_type=\"widget\" data-widget_type=\"heading.default\">\n\t\t\t\t<div class=\"elementor-widget-container\">\n\t\t\t<h2 class=\"elementor-heading-title elementor-size-default\">CAVITATION <\/h2>\t\t<\/div>\n\t\t\t\t<\/div>\n\t\t\t\t\t<\/div>\n\t\t<\/div>\n\t\t\t\t<div class=\"elementor-column elementor-col-25 elementor-top-column elementor-element elementor-element-f22a82c\" data-id=\"f22a82c\" data-element_type=\"column\">\n\t\t\t<div class=\"elementor-widget-wrap elementor-element-populated\">\n\t\t\t\t\t\t\t\t<div class=\"elementor-element elementor-element-1bd46a9 elementor-widget elementor-widget-image\" data-id=\"1bd46a9\" data-element_type=\"widget\" data-widget_type=\"image.default\">\n\t\t\t\t<div class=\"elementor-widget-container\">\n\t\t\t\t\t\t\t\t\t\t\t\t\t\t\t<img loading=\"lazy\" decoding=\"async\" width=\"300\" height=\"199\" src=\"https:\/\/www.stevenromanaestheticmedicine.com\/wp-content\/uploads\/2025\/08\/cyclone-300x199.jpg\" class=\"attachment-medium size-medium wp-image-1215\" alt=\"\" srcset=\"https:\/\/www.stevenromanaestheticmedicine.com\/wp-content\/uploads\/2025\/08\/cyclone-300x199.jpg 300w, https:\/\/www.stevenromanaestheticmedicine.com\/wp-content\/uploads\/2025\/08\/cyclone-1024x681.jpg 1024w, https:\/\/www.stevenromanaestheticmedicine.com\/wp-content\/uploads\/2025\/08\/cyclone-768x510.jpg 768w, https:\/\/www.stevenromanaestheticmedicine.com\/wp-content\/uploads\/2025\/08\/cyclone-1536x1021.jpg 1536w, https:\/\/www.stevenromanaestheticmedicine.com\/wp-content\/uploads\/2025\/08\/cyclone-2048x1361.jpg 2048w, https:\/\/www.stevenromanaestheticmedicine.com\/wp-content\/uploads\/2025\/08\/cyclone-18x12.jpg 18w\" sizes=\"auto, (max-width: 300px) 100vw, 300px\" \/>\t\t\t\t\t\t\t\t\t\t\t\t\t\t\t<\/div>\n\t\t\t\t<\/div>\n\t\t\t\t<div class=\"elementor-element elementor-element-797a50e elementor-widget elementor-widget-heading\" data-id=\"797a50e\" data-element_type=\"widget\" data-widget_type=\"heading.default\">\n\t\t\t\t<div class=\"elementor-widget-container\">\n\t\t\t<h2 class=\"elementor-heading-title elementor-size-default\">CARBOXY THERAPY<\/h2>\t\t<\/div>\n\t\t\t\t<\/div>\n\t\t\t\t\t<\/div>\n\t\t<\/div>\n\t\t\t\t<div class=\"elementor-column elementor-col-25 elementor-top-column elementor-element elementor-element-7eb840e\" data-id=\"7eb840e\" data-element_type=\"column\">\n\t\t\t<div class=\"elementor-widget-wrap elementor-element-populated\">\n\t\t\t\t\t\t\t\t<div class=\"elementor-element elementor-element-76420a4 elementor-widget elementor-widget-image\" data-id=\"76420a4\" data-element_type=\"widget\" data-widget_type=\"image.default\">\n\t\t\t\t<div class=\"elementor-widget-container\">\n\t\t\t\t\t\t\t\t\t\t\t\t\t\t\t<img loading=\"lazy\" decoding=\"async\" width=\"1024\" height=\"900\" src=\"https:\/\/www.stevenromanaestheticmedicine.com\/wp-content\/uploads\/2025\/08\/maderoterapia-2.png\" class=\"attachment-1536x1536 size-1536x1536 wp-image-1314\" alt=\"\" srcset=\"https:\/\/www.stevenromanaestheticmedicine.com\/wp-content\/uploads\/2025\/08\/maderoterapia-2.png 1024w, https:\/\/www.stevenromanaestheticmedicine.com\/wp-content\/uploads\/2025\/08\/maderoterapia-2-300x264.png 300w, https:\/\/www.stevenromanaestheticmedicine.com\/wp-content\/uploads\/2025\/08\/maderoterapia-2-768x675.png 768w, https:\/\/www.stevenromanaestheticmedicine.com\/wp-content\/uploads\/2025\/08\/maderoterapia-2-14x12.png 14w\" sizes=\"auto, (max-width: 1024px) 100vw, 1024px\" \/>\t\t\t\t\t\t\t\t\t\t\t\t\t\t\t<\/div>\n\t\t\t\t<\/div>\n\t\t\t\t<div class=\"elementor-element elementor-element-dccf2c7 elementor-widget elementor-widget-heading\" data-id=\"dccf2c7\" data-element_type=\"widget\" data-widget_type=\"heading.default\">\n\t\t\t\t<div class=\"elementor-widget-container\">\n\t\t\t<h2 class=\"elementor-heading-title elementor-size-default\">WOOD THERAPY<\/h2>\t\t<\/div>\n\t\t\t\t<\/div>\n\t\t\t\t\t<\/div>\n\t\t<\/div>\n\t\t\t\t<div class=\"elementor-column elementor-col-25 elementor-top-column elementor-element elementor-element-efe42ac\" data-id=\"efe42ac\" data-element_type=\"column\">\n\t\t\t<div class=\"elementor-widget-wrap elementor-element-populated\">\n\t\t\t\t\t\t\t\t<div class=\"elementor-element elementor-element-1a663f0 elementor-widget elementor-widget-image\" data-id=\"1a663f0\" data-element_type=\"widget\" data-widget_type=\"image.default\">\n\t\t\t\t<div class=\"elementor-widget-container\">\n\t\t\t\t\t\t\t\t\t\t\t\t\t\t\t<img loading=\"lazy\" decoding=\"async\" width=\"632\" height=\"565\" src=\"https:\/\/www.stevenromanaestheticmedicine.com\/wp-content\/uploads\/2025\/08\/IMG_3_Masajes_2.png\" class=\"attachment-large size-large wp-image-1315\" alt=\"\" srcset=\"https:\/\/www.stevenromanaestheticmedicine.com\/wp-content\/uploads\/2025\/08\/IMG_3_Masajes_2.png 632w, https:\/\/www.stevenromanaestheticmedicine.com\/wp-content\/uploads\/2025\/08\/IMG_3_Masajes_2-300x268.png 300w, https:\/\/www.stevenromanaestheticmedicine.com\/wp-content\/uploads\/2025\/08\/IMG_3_Masajes_2-13x12.png 13w\" sizes=\"auto, (max-width: 632px) 100vw, 632px\" \/>\t\t\t\t\t\t\t\t\t\t\t\t\t\t\t<\/div>\n\t\t\t\t<\/div>\n\t\t\t\t<div class=\"elementor-element elementor-element-6e76ef1 elementor-widget elementor-widget-heading\" data-id=\"6e76ef1\" data-element_type=\"widget\" data-widget_type=\"heading.default\">\n\t\t\t\t<div class=\"elementor-widget-container\">\n\t\t\t<h2 class=\"elementor-heading-title elementor-size-default\">POST OP <\/h2>\t\t<\/div>\n\t\t\t\t<\/div>\n\t\t\t\t\t<\/div>\n\t\t<\/div>\n\t\t\t\t\t\t\t<\/div>\n\t\t<\/section>\n\t\t\t\t\t\t\t<\/div>","protected":false},"excerpt":{"rendered":"<p>BODY CONTOURING El body contouring o moldeo corporal es un conjunto de tratamientos no invasivos dise\u00f1ados para reducir grasa localizada, tonificar la piel y definir la silueta sin necesidad de cirug\u00eda. Ideal para quienes desean mejorar \u00e1reas espec\u00edficas del cuerpo como abdomen, cintura, brazos, piernas o gl\u00fateos. \u00a0Beneficios del Body Contouring: Reducci\u00f3n de grasa localizada [&hellip;]<\/p>","protected":false},"author":1,"featured_media":0,"parent":0,"menu_order":0,"comment_status":"closed","ping_status":"closed","template":"","meta":{"footnotes":""},"class_list":["post-399","page","type-page","status-publish","hentry","entry"],"_links":{"self":[{"href":"https:\/\/www.stevenromanaestheticmedicine.com\/en\/wp-json\/wp\/v2\/pages\/399","targetHints":{"allow":["GET"]}}],"collection":[{"href":"https:\/\/www.stevenromanaestheticmedicine.com\/en\/wp-json\/wp\/v2\/pages"}],"about":[{"href":"https:\/\/www.stevenromanaestheticmedicine.com\/en\/wp-json\/wp\/v2\/types\/page"}],"author":[{"embeddable":true,"href":"https:\/\/www.stevenromanaestheticmedicine.com\/en\/wp-json\/wp\/v2\/users\/1"}],"replies":[{"embeddable":true,"href":"https:\/\/www.stevenromanaestheticmedicine.com\/en\/wp-json\/wp\/v2\/comments?post=399"}],"version-history":[{"count":54,"href":"https:\/\/www.stevenromanaestheticmedicine.com\/en\/wp-json\/wp\/v2\/pages\/399\/revisions"}],"predecessor-version":[{"id":1319,"href":"https:\/\/www.stevenromanaestheticmedicine.com\/en\/wp-json\/wp\/v2\/pages\/399\/revisions\/1319"}],"wp:attachment":[{"href":"https:\/\/www.stevenromanaestheticmedicine.com\/en\/wp-json\/wp\/v2\/media?parent=399"}],"curies":[{"name":"wp","href":"https:\/\/api.w.org\/{rel}","templated":true}]}}