{"id":397,"date":"2021-10-28T16:55:51","date_gmt":"2021-10-28T21:55:51","guid":{"rendered":"https:\/\/www.stevenromanaestheticmedicine.com\/?page_id=397"},"modified":"2025-08-18T19:31:13","modified_gmt":"2025-08-19T00:31:13","slug":"hair-restoration","status":"publish","type":"page","link":"https:\/\/www.stevenromanaestheticmedicine.com\/en\/hair-restoration\/","title":{"rendered":"HAIR RESTORATION"},"content":{"rendered":"<div data-elementor-type=\"wp-page\" data-elementor-id=\"397\" class=\"elementor elementor-397\">\n\t\t\t\t\t\t\t\t\t<section class=\"elementor-section elementor-top-section elementor-element elementor-element-6226a29 elementor-section-boxed elementor-section-height-default elementor-section-height-default\" data-id=\"6226a29\" data-element_type=\"section\">\n\t\t\t\t\t\t<div class=\"elementor-container elementor-column-gap-default\">\n\t\t\t\t\t<div class=\"elementor-column elementor-col-100 elementor-top-column elementor-element elementor-element-a42d770\" data-id=\"a42d770\" data-element_type=\"column\">\n\t\t\t<div class=\"elementor-widget-wrap elementor-element-populated\">\n\t\t\t\t\t\t\t\t<div class=\"elementor-element elementor-element-3b74ae4 elementor-widget elementor-widget-image\" data-id=\"3b74ae4\" data-element_type=\"widget\" data-widget_type=\"image.default\">\n\t\t\t\t<div class=\"elementor-widget-container\">\n\t\t\t<style>\/*! elementor - v3.12.0 - 29-03-2023 *\/\n.elementor-widget-image{text-align:center}.elementor-widget-image a{display:inline-block}.elementor-widget-image a img[src$=\".svg\"]{width:48px}.elementor-widget-image img{vertical-align:middle;display:inline-block}<\/style>\t\t\t\t\t\t\t\t\t\t\t\t<img loading=\"lazy\" decoding=\"async\" width=\"768\" height=\"512\" src=\"https:\/\/www.stevenromanaestheticmedicine.com\/wp-content\/uploads\/2025\/08\/HAIR-768x512.webp\" class=\"attachment-medium_large size-medium_large wp-image-1203\" alt=\"\" srcset=\"https:\/\/www.stevenromanaestheticmedicine.com\/wp-content\/uploads\/2025\/08\/HAIR-768x512.webp 768w, https:\/\/www.stevenromanaestheticmedicine.com\/wp-content\/uploads\/2025\/08\/HAIR-300x200.webp 300w, https:\/\/www.stevenromanaestheticmedicine.com\/wp-content\/uploads\/2025\/08\/HAIR-18x12.webp 18w, https:\/\/www.stevenromanaestheticmedicine.com\/wp-content\/uploads\/2025\/08\/HAIR.webp 1024w\" sizes=\"auto, (max-width: 768px) 100vw, 768px\" \/>\t\t\t\t\t\t\t\t\t\t\t\t\t\t\t<\/div>\n\t\t\t\t<\/div>\n\t\t\t\t<div class=\"elementor-element elementor-element-a39c46d elementor-widget elementor-widget-heading\" data-id=\"a39c46d\" data-element_type=\"widget\" data-widget_type=\"heading.default\">\n\t\t\t\t<div class=\"elementor-widget-container\">\n\t\t\t<style>\/*! elementor - v3.12.0 - 29-03-2023 *\/\n.elementor-heading-title{padding:0;margin:0;line-height:1}.elementor-widget-heading .elementor-heading-title[class*=elementor-size-]>a{color:inherit;font-size:inherit;line-height:inherit}.elementor-widget-heading .elementor-heading-title.elementor-size-small{font-size:15px}.elementor-widget-heading .elementor-heading-title.elementor-size-medium{font-size:19px}.elementor-widget-heading .elementor-heading-title.elementor-size-large{font-size:29px}.elementor-widget-heading .elementor-heading-title.elementor-size-xl{font-size:39px}.elementor-widget-heading .elementor-heading-title.elementor-size-xxl{font-size:59px}<\/style><h2 class=\"elementor-heading-title elementor-size-default\">HAIR RESTORATION <\/h2>\t\t<\/div>\n\t\t\t\t<\/div>\n\t\t\t\t<div class=\"elementor-element elementor-element-b515815 elementor-widget elementor-widget-text-editor\" data-id=\"b515815\" data-element_type=\"widget\" data-widget_type=\"text-editor.default\">\n\t\t\t\t<div class=\"elementor-widget-container\">\n\t\t\t<style>\/*! elementor - v3.12.0 - 29-03-2023 *\/\n.elementor-widget-text-editor.elementor-drop-cap-view-stacked .elementor-drop-cap{background-color:#69727d;color:#fff}.elementor-widget-text-editor.elementor-drop-cap-view-framed .elementor-drop-cap{color:#69727d;border:3px solid;background-color:transparent}.elementor-widget-text-editor:not(.elementor-drop-cap-view-default) .elementor-drop-cap{margin-top:8px}.elementor-widget-text-editor:not(.elementor-drop-cap-view-default) .elementor-drop-cap-letter{width:1em;height:1em}.elementor-widget-text-editor .elementor-drop-cap{float:left;text-align:center;line-height:1;font-size:50px}.elementor-widget-text-editor .elementor-drop-cap-letter{display:inline-block}<\/style>\t\t\t\t<h2 data-start=\"251\" data-end=\"324\">La <strong data-start=\"507\" data-end=\"531\">restauraci\u00f3n capilar<\/strong> es un tratamiento innovador que ayuda a <strong data-start=\"572\" data-end=\"661\">detener la ca\u00edda del cabello, estimular su crecimiento y devolverle fuerza y densidad<\/strong>.<\/h2>\n<h3 data-start=\"669\" data-end=\"693\">\u00bfEn qu\u00e9 consiste?<\/h3>\n<h4 data-start=\"695\" data-end=\"767\"><strong>La restauraci\u00f3n capilar incluye t\u00e9cnicas modernas y personalizadas como:<\/strong><\/h4>\n<ul data-start=\"768\" data-end=\"972\">\n<li data-start=\"768\" data-end=\"816\">\n<h4 data-start=\"770\" data-end=\"816\"><strong data-start=\"770\" data-end=\"816\">Terapia con plasma rico en plaquetas (PRP)<\/strong><\/h4>\n<\/li>\n<li data-start=\"817\" data-end=\"844\">\n<h4 data-start=\"819\" data-end=\"844\"><strong data-start=\"819\" data-end=\"844\">Microneedling capilar<\/strong><\/h4>\n<\/li>\n<li data-start=\"845\" data-end=\"862\">\n<h4 data-start=\"847\" data-end=\"862\"><strong data-start=\"847\" data-end=\"862\">Mesoterapia<\/strong><\/h4>\n<\/li>\n<li data-start=\"863\" data-end=\"917\">\n<h4 data-start=\"865\" data-end=\"917\"><strong data-start=\"865\" data-end=\"917\">Tratamientos t\u00f3picos con factores de crecimiento<\/strong><\/h4>\n<\/li>\n<li data-start=\"918\" data-end=\"972\">\n<h4 data-start=\"920\" data-end=\"972\"><strong data-start=\"920\" data-end=\"972\">Nutrici\u00f3n capilar y suplementaci\u00f3n personalizada<\/strong><\/h4>\n<\/li>\n<\/ul>\n<h4 data-start=\"974\" data-end=\"1136\"><strong>Todos estos tratamientos est\u00e1n dise\u00f1ados para reactivar los fol\u00edculos pilosos, mejorar la circulaci\u00f3n en el cuero cabelludo y nutrir el cabello desde la ra\u00edz.<\/strong><\/h4>\t\t\t\t\t\t<\/div>\n\t\t\t\t<\/div>\n\t\t\t\t\t<\/div>\n\t\t<\/div>\n\t\t\t\t\t\t\t<\/div>\n\t\t<\/section>\n\t\t\t\t<section class=\"elementor-section elementor-top-section elementor-element elementor-element-c27f1f0 elementor-section-boxed elementor-section-height-default elementor-section-height-default\" data-id=\"c27f1f0\" data-element_type=\"section\">\n\t\t\t\t\t\t<div class=\"elementor-container elementor-column-gap-default\">\n\t\t\t\t\t<div class=\"elementor-column elementor-col-33 elementor-top-column elementor-element elementor-element-759e300\" data-id=\"759e300\" data-element_type=\"column\">\n\t\t\t<div class=\"elementor-widget-wrap elementor-element-populated\">\n\t\t\t\t\t\t\t\t<div class=\"elementor-element elementor-element-f3eed6d elementor-widget elementor-widget-image\" data-id=\"f3eed6d\" data-element_type=\"widget\" data-widget_type=\"image.default\">\n\t\t\t\t<div class=\"elementor-widget-container\">\n\t\t\t\t\t\t\t\t\t\t\t\t\t\t\t<img loading=\"lazy\" decoding=\"async\" width=\"1024\" height=\"366\" src=\"https:\/\/www.stevenromanaestheticmedicine.com\/wp-content\/uploads\/2025\/08\/san-diego-naturopathic-doctors-man-receiving-prp-hair-restoration-injection-1120x400-1-1024x366.jpg\" class=\"attachment-large size-large wp-image-1343\" alt=\"\" srcset=\"https:\/\/www.stevenromanaestheticmedicine.com\/wp-content\/uploads\/2025\/08\/san-diego-naturopathic-doctors-man-receiving-prp-hair-restoration-injection-1120x400-1-1024x366.jpg 1024w, https:\/\/www.stevenromanaestheticmedicine.com\/wp-content\/uploads\/2025\/08\/san-diego-naturopathic-doctors-man-receiving-prp-hair-restoration-injection-1120x400-1-300x107.jpg 300w, https:\/\/www.stevenromanaestheticmedicine.com\/wp-content\/uploads\/2025\/08\/san-diego-naturopathic-doctors-man-receiving-prp-hair-restoration-injection-1120x400-1-768x274.jpg 768w, https:\/\/www.stevenromanaestheticmedicine.com\/wp-content\/uploads\/2025\/08\/san-diego-naturopathic-doctors-man-receiving-prp-hair-restoration-injection-1120x400-1-18x6.jpg 18w, https:\/\/www.stevenromanaestheticmedicine.com\/wp-content\/uploads\/2025\/08\/san-diego-naturopathic-doctors-man-receiving-prp-hair-restoration-injection-1120x400-1.jpg 1120w\" sizes=\"auto, (max-width: 1024px) 100vw, 1024px\" \/>\t\t\t\t\t\t\t\t\t\t\t\t\t\t\t<\/div>\n\t\t\t\t<\/div>\n\t\t\t\t<div class=\"elementor-element elementor-element-d103b60 elementor-widget elementor-widget-heading\" data-id=\"d103b60\" data-element_type=\"widget\" data-widget_type=\"heading.default\">\n\t\t\t\t<div class=\"elementor-widget-container\">\n\t\t\t<h2 class=\"elementor-heading-title elementor-size-default\">PLASMA (PRP)<\/h2>\t\t<\/div>\n\t\t\t\t<\/div>\n\t\t\t\t\t<\/div>\n\t\t<\/div>\n\t\t\t\t<div class=\"elementor-column elementor-col-33 elementor-top-column elementor-element elementor-element-c0f5db3\" data-id=\"c0f5db3\" data-element_type=\"column\">\n\t\t\t<div class=\"elementor-widget-wrap elementor-element-populated\">\n\t\t\t\t\t\t\t\t<div class=\"elementor-element elementor-element-b3fb922 elementor-widget elementor-widget-image\" data-id=\"b3fb922\" data-element_type=\"widget\" data-widget_type=\"image.default\">\n\t\t\t\t<div class=\"elementor-widget-container\">\n\t\t\t\t\t\t\t\t\t\t\t\t\t\t\t<img loading=\"lazy\" decoding=\"async\" width=\"1000\" height=\"666\" src=\"https:\/\/www.stevenromanaestheticmedicine.com\/wp-content\/uploads\/2025\/08\/microneedling-for-hair-loss.png\" class=\"attachment-large size-large wp-image-1344\" alt=\"\" srcset=\"https:\/\/www.stevenromanaestheticmedicine.com\/wp-content\/uploads\/2025\/08\/microneedling-for-hair-loss.png 1000w, https:\/\/www.stevenromanaestheticmedicine.com\/wp-content\/uploads\/2025\/08\/microneedling-for-hair-loss-300x200.png 300w, https:\/\/www.stevenromanaestheticmedicine.com\/wp-content\/uploads\/2025\/08\/microneedling-for-hair-loss-768x511.png 768w, https:\/\/www.stevenromanaestheticmedicine.com\/wp-content\/uploads\/2025\/08\/microneedling-for-hair-loss-18x12.png 18w\" sizes=\"auto, (max-width: 1000px) 100vw, 1000px\" \/>\t\t\t\t\t\t\t\t\t\t\t\t\t\t\t<\/div>\n\t\t\t\t<\/div>\n\t\t\t\t<div class=\"elementor-element elementor-element-2a04f6d elementor-widget elementor-widget-heading\" data-id=\"2a04f6d\" data-element_type=\"widget\" data-widget_type=\"heading.default\">\n\t\t\t\t<div class=\"elementor-widget-container\">\n\t\t\t<h2 class=\"elementor-heading-title elementor-size-default\">MICRONEEDLING <\/h2>\t\t<\/div>\n\t\t\t\t<\/div>\n\t\t\t\t\t<\/div>\n\t\t<\/div>\n\t\t\t\t<div class=\"elementor-column elementor-col-33 elementor-top-column elementor-element elementor-element-8d0ed5a\" data-id=\"8d0ed5a\" data-element_type=\"column\">\n\t\t\t<div class=\"elementor-widget-wrap elementor-element-populated\">\n\t\t\t\t\t\t\t\t<div class=\"elementor-element elementor-element-9e1c387 elementor-widget elementor-widget-image\" data-id=\"9e1c387\" data-element_type=\"widget\" data-widget_type=\"image.default\">\n\t\t\t\t<div class=\"elementor-widget-container\">\n\t\t\t\t\t\t\t\t\t\t\t\t\t\t\t<img loading=\"lazy\" decoding=\"async\" width=\"1024\" height=\"538\" src=\"https:\/\/www.stevenromanaestheticmedicine.com\/wp-content\/uploads\/2025\/08\/006-blog-mesoterapia-capilar-1024x538.jpg\" class=\"attachment-large size-large wp-image-1345\" alt=\"\" srcset=\"https:\/\/www.stevenromanaestheticmedicine.com\/wp-content\/uploads\/2025\/08\/006-blog-mesoterapia-capilar-1024x538.jpg 1024w, https:\/\/www.stevenromanaestheticmedicine.com\/wp-content\/uploads\/2025\/08\/006-blog-mesoterapia-capilar-300x158.jpg 300w, https:\/\/www.stevenromanaestheticmedicine.com\/wp-content\/uploads\/2025\/08\/006-blog-mesoterapia-capilar-768x403.jpg 768w, https:\/\/www.stevenromanaestheticmedicine.com\/wp-content\/uploads\/2025\/08\/006-blog-mesoterapia-capilar-18x9.jpg 18w, https:\/\/www.stevenromanaestheticmedicine.com\/wp-content\/uploads\/2025\/08\/006-blog-mesoterapia-capilar.jpg 1200w\" sizes=\"auto, (max-width: 1024px) 100vw, 1024px\" \/>\t\t\t\t\t\t\t\t\t\t\t\t\t\t\t<\/div>\n\t\t\t\t<\/div>\n\t\t\t\t<div class=\"elementor-element elementor-element-87f1c81 elementor-widget elementor-widget-heading\" data-id=\"87f1c81\" data-element_type=\"widget\" data-widget_type=\"heading.default\">\n\t\t\t\t<div class=\"elementor-widget-container\">\n\t\t\t<h2 class=\"elementor-heading-title elementor-size-default\">MESOTHERAPY<\/h2>\t\t<\/div>\n\t\t\t\t<\/div>\n\t\t\t\t\t<\/div>\n\t\t<\/div>\n\t\t\t\t\t\t\t<\/div>\n\t\t<\/section>\n\t\t\t\t\t\t\t<\/div>","protected":false},"excerpt":{"rendered":"<p>HAIR RESTORATION La restauraci\u00f3n capilar es un tratamiento innovador que ayuda a detener la ca\u00edda del cabello, estimular su crecimiento y devolverle fuerza y densidad. \u00bfEn qu\u00e9 consiste? La restauraci\u00f3n capilar incluye t\u00e9cnicas modernas y personalizadas como: Terapia con plasma rico en plaquetas (PRP) Microneedling capilar Mesoterapia Tratamientos t\u00f3picos con factores de crecimiento Nutrici\u00f3n capilar [&hellip;]<\/p>","protected":false},"author":1,"featured_media":0,"parent":0,"menu_order":0,"comment_status":"closed","ping_status":"closed","template":"","meta":{"footnotes":""},"class_list":["post-397","page","type-page","status-publish","hentry","entry"],"_links":{"self":[{"href":"https:\/\/www.stevenromanaestheticmedicine.com\/en\/wp-json\/wp\/v2\/pages\/397","targetHints":{"allow":["GET"]}}],"collection":[{"href":"https:\/\/www.stevenromanaestheticmedicine.com\/en\/wp-json\/wp\/v2\/pages"}],"about":[{"href":"https:\/\/www.stevenromanaestheticmedicine.com\/en\/wp-json\/wp\/v2\/types\/page"}],"author":[{"embeddable":true,"href":"https:\/\/www.stevenromanaestheticmedicine.com\/en\/wp-json\/wp\/v2\/users\/1"}],"replies":[{"embeddable":true,"href":"https:\/\/www.stevenromanaestheticmedicine.com\/en\/wp-json\/wp\/v2\/comments?post=397"}],"version-history":[{"count":83,"href":"https:\/\/www.stevenromanaestheticmedicine.com\/en\/wp-json\/wp\/v2\/pages\/397\/revisions"}],"predecessor-version":[{"id":1366,"href":"https:\/\/www.stevenromanaestheticmedicine.com\/en\/wp-json\/wp\/v2\/pages\/397\/revisions\/1366"}],"wp:attachment":[{"href":"https:\/\/www.stevenromanaestheticmedicine.com\/en\/wp-json\/wp\/v2\/media?parent=397"}],"curies":[{"name":"wp","href":"https:\/\/api.w.org\/{rel}","templated":true}]}}