{"id":395,"date":"2021-10-28T16:55:02","date_gmt":"2021-10-28T21:55:02","guid":{"rendered":"https:\/\/www.stevenromanaestheticmedicine.com\/?page_id=395"},"modified":"2025-08-16T20:50:06","modified_gmt":"2025-08-17T01:50:06","slug":"iv-therapy","status":"publish","type":"page","link":"https:\/\/www.stevenromanaestheticmedicine.com\/en\/iv-therapy\/","title":{"rendered":"IV THERAPY"},"content":{"rendered":"<div data-elementor-type=\"wp-page\" data-elementor-id=\"395\" class=\"elementor elementor-395\">\n\t\t\t\t\t\t\t\t\t<section class=\"elementor-section elementor-top-section elementor-element elementor-element-7e9e546 elementor-section-boxed elementor-section-height-default elementor-section-height-default\" data-id=\"7e9e546\" data-element_type=\"section\">\n\t\t\t\t\t\t<div class=\"elementor-container elementor-column-gap-default\">\n\t\t\t\t\t<div class=\"elementor-column elementor-col-100 elementor-top-column elementor-element elementor-element-b9c9d7b\" data-id=\"b9c9d7b\" data-element_type=\"column\">\n\t\t\t<div class=\"elementor-widget-wrap elementor-element-populated\">\n\t\t\t\t\t\t\t\t<div class=\"elementor-element elementor-element-8af20c9 elementor-widget elementor-widget-image\" data-id=\"8af20c9\" data-element_type=\"widget\" data-widget_type=\"image.default\">\n\t\t\t\t<div class=\"elementor-widget-container\">\n\t\t\t<style>\/*! elementor - v3.12.0 - 29-03-2023 *\/\n.elementor-widget-image{text-align:center}.elementor-widget-image a{display:inline-block}.elementor-widget-image a img[src$=\".svg\"]{width:48px}.elementor-widget-image img{vertical-align:middle;display:inline-block}<\/style>\t\t\t\t\t\t\t\t\t\t\t\t<img loading=\"lazy\" decoding=\"async\" width=\"1024\" height=\"332\" src=\"https:\/\/www.stevenromanaestheticmedicine.com\/wp-content\/uploads\/2025\/08\/intravenous-therapy-wide-2-1200x389-1-1024x332.jpg\" class=\"attachment-large size-large wp-image-1320\" alt=\"\" srcset=\"https:\/\/www.stevenromanaestheticmedicine.com\/wp-content\/uploads\/2025\/08\/intravenous-therapy-wide-2-1200x389-1-1024x332.jpg 1024w, https:\/\/www.stevenromanaestheticmedicine.com\/wp-content\/uploads\/2025\/08\/intravenous-therapy-wide-2-1200x389-1-300x97.jpg 300w, https:\/\/www.stevenromanaestheticmedicine.com\/wp-content\/uploads\/2025\/08\/intravenous-therapy-wide-2-1200x389-1-768x249.jpg 768w, https:\/\/www.stevenromanaestheticmedicine.com\/wp-content\/uploads\/2025\/08\/intravenous-therapy-wide-2-1200x389-1-18x6.jpg 18w, https:\/\/www.stevenromanaestheticmedicine.com\/wp-content\/uploads\/2025\/08\/intravenous-therapy-wide-2-1200x389-1.jpg 1200w\" sizes=\"auto, (max-width: 1024px) 100vw, 1024px\" \/>\t\t\t\t\t\t\t\t\t\t\t\t\t\t\t<\/div>\n\t\t\t\t<\/div>\n\t\t\t\t\t<\/div>\n\t\t<\/div>\n\t\t\t\t\t\t\t<\/div>\n\t\t<\/section>\n\t\t\t\t<section class=\"elementor-section elementor-top-section elementor-element elementor-element-23756dc elementor-section-boxed elementor-section-height-default elementor-section-height-default\" data-id=\"23756dc\" data-element_type=\"section\">\n\t\t\t\t\t\t<div class=\"elementor-container elementor-column-gap-default\">\n\t\t\t\t\t<div class=\"elementor-column elementor-col-100 elementor-top-column elementor-element elementor-element-df348ed\" data-id=\"df348ed\" data-element_type=\"column\">\n\t\t\t<div class=\"elementor-widget-wrap elementor-element-populated\">\n\t\t\t\t\t\t\t\t<div class=\"elementor-element elementor-element-d79892e elementor-widget elementor-widget-heading\" data-id=\"d79892e\" data-element_type=\"widget\" data-widget_type=\"heading.default\">\n\t\t\t\t<div class=\"elementor-widget-container\">\n\t\t\t<style>\/*! elementor - v3.12.0 - 29-03-2023 *\/\n.elementor-heading-title{padding:0;margin:0;line-height:1}.elementor-widget-heading .elementor-heading-title[class*=elementor-size-]>a{color:inherit;font-size:inherit;line-height:inherit}.elementor-widget-heading .elementor-heading-title.elementor-size-small{font-size:15px}.elementor-widget-heading .elementor-heading-title.elementor-size-medium{font-size:19px}.elementor-widget-heading .elementor-heading-title.elementor-size-large{font-size:29px}.elementor-widget-heading .elementor-heading-title.elementor-size-xl{font-size:39px}.elementor-widget-heading .elementor-heading-title.elementor-size-xxl{font-size:59px}<\/style><h2 class=\"elementor-heading-title elementor-size-default\">IV THERAPY<\/h2>\t\t<\/div>\n\t\t\t\t<\/div>\n\t\t\t\t\t<\/div>\n\t\t<\/div>\n\t\t\t\t\t\t\t<\/div>\n\t\t<\/section>\n\t\t\t\t<section class=\"elementor-section elementor-top-section elementor-element elementor-element-6de9934 elementor-section-boxed elementor-section-height-default elementor-section-height-default\" data-id=\"6de9934\" data-element_type=\"section\">\n\t\t\t\t\t\t<div class=\"elementor-container elementor-column-gap-default\">\n\t\t\t\t\t<div class=\"elementor-column elementor-col-100 elementor-top-column elementor-element elementor-element-af64930\" data-id=\"af64930\" data-element_type=\"column\">\n\t\t\t<div class=\"elementor-widget-wrap elementor-element-populated\">\n\t\t\t\t\t\t\t\t<div class=\"elementor-element elementor-element-4a6a6b4 elementor-widget elementor-widget-text-editor\" data-id=\"4a6a6b4\" data-element_type=\"widget\" data-widget_type=\"text-editor.default\">\n\t\t\t\t<div class=\"elementor-widget-container\">\n\t\t\t<style>\/*! elementor - v3.12.0 - 29-03-2023 *\/\n.elementor-widget-text-editor.elementor-drop-cap-view-stacked .elementor-drop-cap{background-color:#69727d;color:#fff}.elementor-widget-text-editor.elementor-drop-cap-view-framed .elementor-drop-cap{color:#69727d;border:3px solid;background-color:transparent}.elementor-widget-text-editor:not(.elementor-drop-cap-view-default) .elementor-drop-cap{margin-top:8px}.elementor-widget-text-editor:not(.elementor-drop-cap-view-default) .elementor-drop-cap-letter{width:1em;height:1em}.elementor-widget-text-editor .elementor-drop-cap{float:left;text-align:center;line-height:1;font-size:50px}.elementor-widget-text-editor .elementor-drop-cap-letter{display:inline-block}<\/style>\t\t\t\t<p data-start=\"278\" data-end=\"608\"><strong data-start=\"281\" data-end=\"317\">(IV Therapy)<\/strong> es una forma efectiva, r\u00e1pida y segura de suministrar vitaminas, minerales, antioxidantes y otros nutrientes esenciales directamente al torrente sangu\u00edneo. A diferencia de los suplementos orales, esta t\u00e9cnica permite una absorci\u00f3n inmediata y completa, maximizando sus efectos en el cuerpo.<\/p><h3 data-start=\"610\" data-end=\"651\">\u00bfQu\u00e9 beneficios ofrece el IV Therapy?<\/h3><p data-start=\"653\" data-end=\"785\">\ud83d\udd39 <strong data-start=\"656\" data-end=\"682\">Hidrataci\u00f3n inmediata:<\/strong><br data-start=\"682\" data-end=\"685\" \/>Ideal para combatir la deshidrataci\u00f3n causada por ejercicio intenso, resacas, viajes o enfermedades.<\/p>\t\t\t\t\t\t<\/div>\n\t\t\t\t<\/div>\n\t\t\t\t\t<\/div>\n\t\t<\/div>\n\t\t\t\t\t\t\t<\/div>\n\t\t<\/section>\n\t\t\t\t<section class=\"elementor-section elementor-top-section elementor-element elementor-element-7aa5a01 elementor-section-boxed elementor-section-height-default elementor-section-height-default\" data-id=\"7aa5a01\" data-element_type=\"section\">\n\t\t\t\t\t\t<div class=\"elementor-container elementor-column-gap-default\">\n\t\t\t\t\t<div class=\"elementor-column elementor-col-100 elementor-top-column elementor-element elementor-element-458541a\" data-id=\"458541a\" data-element_type=\"column\">\n\t\t\t<div class=\"elementor-widget-wrap elementor-element-populated\">\n\t\t\t\t\t\t\t\t<div class=\"elementor-element elementor-element-a0797d3 elementor-widget elementor-widget-heading\" data-id=\"a0797d3\" data-element_type=\"widget\" data-widget_type=\"heading.default\">\n\t\t\t\t<div class=\"elementor-widget-container\">\n\t\t\t<h2 class=\"elementor-heading-title elementor-size-default\"><br>SERVICES <br><br><\/h2>\t\t<\/div>\n\t\t\t\t<\/div>\n\t\t\t\t\t<\/div>\n\t\t<\/div>\n\t\t\t\t\t\t\t<\/div>\n\t\t<\/section>\n\t\t\t\t<section class=\"elementor-section elementor-top-section elementor-element elementor-element-f02d9b2 elementor-section-boxed elementor-section-height-default elementor-section-height-default\" data-id=\"f02d9b2\" data-element_type=\"section\">\n\t\t\t\t\t\t<div class=\"elementor-container elementor-column-gap-default\">\n\t\t\t\t\t<div class=\"elementor-column elementor-col-33 elementor-top-column elementor-element elementor-element-327fd3a\" data-id=\"327fd3a\" data-element_type=\"column\">\n\t\t\t<div class=\"elementor-widget-wrap elementor-element-populated\">\n\t\t\t\t\t\t\t\t<div class=\"elementor-element elementor-element-33e12ac elementor-widget elementor-widget-image\" data-id=\"33e12ac\" data-element_type=\"widget\" data-widget_type=\"image.default\">\n\t\t\t\t<div class=\"elementor-widget-container\">\n\t\t\t\t\t\t\t\t\t\t\t\t\t\t\t<img loading=\"lazy\" decoding=\"async\" width=\"365\" height=\"365\" src=\"https:\/\/www.stevenromanaestheticmedicine.com\/wp-content\/uploads\/2025\/08\/rsw_365h_365cg_true.webp\" class=\"attachment-large size-large wp-image-1331\" alt=\"\" srcset=\"https:\/\/www.stevenromanaestheticmedicine.com\/wp-content\/uploads\/2025\/08\/rsw_365h_365cg_true.webp 365w, https:\/\/www.stevenromanaestheticmedicine.com\/wp-content\/uploads\/2025\/08\/rsw_365h_365cg_true-300x300.webp 300w, https:\/\/www.stevenromanaestheticmedicine.com\/wp-content\/uploads\/2025\/08\/rsw_365h_365cg_true-150x150.webp 150w, https:\/\/www.stevenromanaestheticmedicine.com\/wp-content\/uploads\/2025\/08\/rsw_365h_365cg_true-12x12.webp 12w\" sizes=\"auto, (max-width: 365px) 100vw, 365px\" \/>\t\t\t\t\t\t\t\t\t\t\t\t\t\t\t<\/div>\n\t\t\t\t<\/div>\n\t\t\t\t<div class=\"elementor-element elementor-element-6d9cd79 elementor-widget elementor-widget-heading\" data-id=\"6d9cd79\" data-element_type=\"widget\" data-widget_type=\"heading.default\">\n\t\t\t\t<div class=\"elementor-widget-container\">\n\t\t\t<h2 class=\"elementor-heading-title elementor-size-default\">HYDRATION BOOSTER<\/h2>\t\t<\/div>\n\t\t\t\t<\/div>\n\t\t\t\t<div class=\"elementor-element elementor-element-a2e7180 elementor-widget elementor-widget-image\" data-id=\"a2e7180\" data-element_type=\"widget\" data-widget_type=\"image.default\">\n\t\t\t\t<div class=\"elementor-widget-container\">\n\t\t\t\t\t\t\t\t\t\t\t\t\t\t\t<img loading=\"lazy\" decoding=\"async\" width=\"500\" height=\"375\" src=\"https:\/\/www.stevenromanaestheticmedicine.com\/wp-content\/uploads\/2025\/08\/shutterstock_2481002289.webp\" class=\"attachment-large size-large wp-image-1327\" alt=\"\" srcset=\"https:\/\/www.stevenromanaestheticmedicine.com\/wp-content\/uploads\/2025\/08\/shutterstock_2481002289.webp 500w, https:\/\/www.stevenromanaestheticmedicine.com\/wp-content\/uploads\/2025\/08\/shutterstock_2481002289-300x225.webp 300w, https:\/\/www.stevenromanaestheticmedicine.com\/wp-content\/uploads\/2025\/08\/shutterstock_2481002289-16x12.webp 16w\" sizes=\"auto, (max-width: 500px) 100vw, 500px\" \/>\t\t\t\t\t\t\t\t\t\t\t\t\t\t\t<\/div>\n\t\t\t\t<\/div>\n\t\t\t\t<div class=\"elementor-element elementor-element-3672fd7 elementor-widget elementor-widget-heading\" data-id=\"3672fd7\" data-element_type=\"widget\" data-widget_type=\"heading.default\">\n\t\t\t\t<div class=\"elementor-widget-container\">\n\t\t\t<h2 class=\"elementor-heading-title elementor-size-default\">IMMUNE BOOSTER<\/h2>\t\t<\/div>\n\t\t\t\t<\/div>\n\t\t\t\t\t<\/div>\n\t\t<\/div>\n\t\t\t\t<div class=\"elementor-column elementor-col-33 elementor-top-column elementor-element elementor-element-8e16889\" data-id=\"8e16889\" data-element_type=\"column\">\n\t\t\t<div class=\"elementor-widget-wrap elementor-element-populated\">\n\t\t\t\t\t\t\t\t<div class=\"elementor-element elementor-element-c0f9539 elementor-widget elementor-widget-image\" data-id=\"c0f9539\" data-element_type=\"widget\" data-widget_type=\"image.default\">\n\t\t\t\t<div class=\"elementor-widget-container\">\n\t\t\t\t\t\t\t\t\t\t\t\t\t\t\t<img loading=\"lazy\" decoding=\"async\" width=\"1024\" height=\"753\" src=\"https:\/\/www.stevenromanaestheticmedicine.com\/wp-content\/uploads\/2025\/08\/easee-healthcare-wellness-ofallon-il-iv-therapy-03-1024x753-1.jpg\" class=\"attachment-large size-large wp-image-1323\" alt=\"\" srcset=\"https:\/\/www.stevenromanaestheticmedicine.com\/wp-content\/uploads\/2025\/08\/easee-healthcare-wellness-ofallon-il-iv-therapy-03-1024x753-1.jpg 1024w, https:\/\/www.stevenromanaestheticmedicine.com\/wp-content\/uploads\/2025\/08\/easee-healthcare-wellness-ofallon-il-iv-therapy-03-1024x753-1-300x221.jpg 300w, https:\/\/www.stevenromanaestheticmedicine.com\/wp-content\/uploads\/2025\/08\/easee-healthcare-wellness-ofallon-il-iv-therapy-03-1024x753-1-768x565.jpg 768w, https:\/\/www.stevenromanaestheticmedicine.com\/wp-content\/uploads\/2025\/08\/easee-healthcare-wellness-ofallon-il-iv-therapy-03-1024x753-1-16x12.jpg 16w\" sizes=\"auto, (max-width: 1024px) 100vw, 1024px\" \/>\t\t\t\t\t\t\t\t\t\t\t\t\t\t\t<\/div>\n\t\t\t\t<\/div>\n\t\t\t\t<div class=\"elementor-element elementor-element-f0fc766 elementor-widget elementor-widget-heading\" data-id=\"f0fc766\" data-element_type=\"widget\" data-widget_type=\"heading.default\">\n\t\t\t\t<div class=\"elementor-widget-container\">\n\t\t\t<h2 class=\"elementor-heading-title elementor-size-default\">HANGOVER RECOVERY <\/h2>\t\t<\/div>\n\t\t\t\t<\/div>\n\t\t\t\t<div class=\"elementor-element elementor-element-da90e58 elementor-widget elementor-widget-image\" data-id=\"da90e58\" data-element_type=\"widget\" data-widget_type=\"image.default\">\n\t\t\t\t<div class=\"elementor-widget-container\">\n\t\t\t\t\t\t\t\t\t\t\t\t\t\t\t<img loading=\"lazy\" decoding=\"async\" width=\"540\" height=\"540\" src=\"https:\/\/www.stevenromanaestheticmedicine.com\/wp-content\/uploads\/2025\/08\/IV-THERAPY-2.png\" class=\"attachment-large size-large wp-image-1334\" alt=\"\" srcset=\"https:\/\/www.stevenromanaestheticmedicine.com\/wp-content\/uploads\/2025\/08\/IV-THERAPY-2.png 540w, https:\/\/www.stevenromanaestheticmedicine.com\/wp-content\/uploads\/2025\/08\/IV-THERAPY-2-300x300.png 300w, https:\/\/www.stevenromanaestheticmedicine.com\/wp-content\/uploads\/2025\/08\/IV-THERAPY-2-150x150.png 150w, https:\/\/www.stevenromanaestheticmedicine.com\/wp-content\/uploads\/2025\/08\/IV-THERAPY-2-12x12.png 12w\" sizes=\"auto, (max-width: 540px) 100vw, 540px\" \/>\t\t\t\t\t\t\t\t\t\t\t\t\t\t\t<\/div>\n\t\t\t\t<\/div>\n\t\t\t\t<div class=\"elementor-element elementor-element-fce2d6d elementor-widget elementor-widget-heading\" data-id=\"fce2d6d\" data-element_type=\"widget\" data-widget_type=\"heading.default\">\n\t\t\t\t<div class=\"elementor-widget-container\">\n\t\t\t<h2 class=\"elementor-heading-title elementor-size-default\">COLLAGEN BOOSTER<\/h2>\t\t<\/div>\n\t\t\t\t<\/div>\n\t\t\t\t\t<\/div>\n\t\t<\/div>\n\t\t\t\t<div class=\"elementor-column elementor-col-33 elementor-top-column elementor-element elementor-element-db1cacc\" data-id=\"db1cacc\" data-element_type=\"column\">\n\t\t\t<div class=\"elementor-widget-wrap elementor-element-populated\">\n\t\t\t\t\t\t\t\t<div class=\"elementor-element elementor-element-12f8256 elementor-widget elementor-widget-image\" data-id=\"12f8256\" data-element_type=\"widget\" data-widget_type=\"image.default\">\n\t\t\t\t<div class=\"elementor-widget-container\">\n\t\t\t\t\t\t\t\t\t\t\t\t\t\t\t<img loading=\"lazy\" decoding=\"async\" width=\"768\" height=\"1152\" src=\"https:\/\/www.stevenromanaestheticmedicine.com\/wp-content\/uploads\/2025\/08\/Untitled-design-1-768x1152.png\" class=\"attachment-medium_large size-medium_large wp-image-1326\" alt=\"\" srcset=\"https:\/\/www.stevenromanaestheticmedicine.com\/wp-content\/uploads\/2025\/08\/Untitled-design-1-768x1152.png 768w, https:\/\/www.stevenromanaestheticmedicine.com\/wp-content\/uploads\/2025\/08\/Untitled-design-1-200x300.png 200w, https:\/\/www.stevenromanaestheticmedicine.com\/wp-content\/uploads\/2025\/08\/Untitled-design-1-683x1024.png 683w, https:\/\/www.stevenromanaestheticmedicine.com\/wp-content\/uploads\/2025\/08\/Untitled-design-1-1024x1536.png 1024w, https:\/\/www.stevenromanaestheticmedicine.com\/wp-content\/uploads\/2025\/08\/Untitled-design-1-8x12.png 8w, https:\/\/www.stevenromanaestheticmedicine.com\/wp-content\/uploads\/2025\/08\/Untitled-design-1.png 1200w\" sizes=\"auto, (max-width: 768px) 100vw, 768px\" \/>\t\t\t\t\t\t\t\t\t\t\t\t\t\t\t<\/div>\n\t\t\t\t<\/div>\n\t\t\t\t<div class=\"elementor-element elementor-element-e2479b8 elementor-widget elementor-widget-heading\" data-id=\"e2479b8\" data-element_type=\"widget\" data-widget_type=\"heading.default\">\n\t\t\t\t<div class=\"elementor-widget-container\">\n\t\t\t<h2 class=\"elementor-heading-title elementor-size-default\">SKINNY DRIP<\/h2>\t\t<\/div>\n\t\t\t\t<\/div>\n\t\t\t\t<div class=\"elementor-element elementor-element-e4ae81b elementor-widget elementor-widget-image\" data-id=\"e4ae81b\" data-element_type=\"widget\" data-widget_type=\"image.default\">\n\t\t\t\t<div class=\"elementor-widget-container\">\n\t\t\t\t\t\t\t\t\t\t\t\t\t\t\t<img loading=\"lazy\" decoding=\"async\" width=\"300\" height=\"168\" src=\"https:\/\/www.stevenromanaestheticmedicine.com\/wp-content\/uploads\/2025\/08\/Diamond-Glow-Facial-by-Lips-and-Drips-by-Erica-Marie-LLC-in-Philadelphia-PA-300x168.webp\" class=\"attachment-medium size-medium wp-image-1329\" alt=\"\" srcset=\"https:\/\/www.stevenromanaestheticmedicine.com\/wp-content\/uploads\/2025\/08\/Diamond-Glow-Facial-by-Lips-and-Drips-by-Erica-Marie-LLC-in-Philadelphia-PA-300x168.webp 300w, https:\/\/www.stevenromanaestheticmedicine.com\/wp-content\/uploads\/2025\/08\/Diamond-Glow-Facial-by-Lips-and-Drips-by-Erica-Marie-LLC-in-Philadelphia-PA-1024x574.webp 1024w, https:\/\/www.stevenromanaestheticmedicine.com\/wp-content\/uploads\/2025\/08\/Diamond-Glow-Facial-by-Lips-and-Drips-by-Erica-Marie-LLC-in-Philadelphia-PA-768x430.webp 768w, https:\/\/www.stevenromanaestheticmedicine.com\/wp-content\/uploads\/2025\/08\/Diamond-Glow-Facial-by-Lips-and-Drips-by-Erica-Marie-LLC-in-Philadelphia-PA-18x10.webp 18w, https:\/\/www.stevenromanaestheticmedicine.com\/wp-content\/uploads\/2025\/08\/Diamond-Glow-Facial-by-Lips-and-Drips-by-Erica-Marie-LLC-in-Philadelphia-PA.webp 1124w\" sizes=\"auto, (max-width: 300px) 100vw, 300px\" \/>\t\t\t\t\t\t\t\t\t\t\t\t\t\t\t<\/div>\n\t\t\t\t<\/div>\n\t\t\t\t<div class=\"elementor-element elementor-element-89b45ff elementor-widget elementor-widget-heading\" data-id=\"89b45ff\" data-element_type=\"widget\" data-widget_type=\"heading.default\">\n\t\t\t\t<div class=\"elementor-widget-container\">\n\t\t\t<h2 class=\"elementor-heading-title elementor-size-default\">FOUNTAIN OF YOUTH IV<\/h2>\t\t<\/div>\n\t\t\t\t<\/div>\n\t\t\t\t\t<\/div>\n\t\t<\/div>\n\t\t\t\t\t\t\t<\/div>\n\t\t<\/section>\n\t\t\t\t\t\t\t<\/div>","protected":false},"excerpt":{"rendered":"<p>IV THERAPY (IV Therapy) es una forma efectiva, r\u00e1pida y segura de suministrar vitaminas, minerales, antioxidantes y otros nutrientes esenciales directamente al torrente sangu\u00edneo. A diferencia de los suplementos orales, esta t\u00e9cnica permite una absorci\u00f3n inmediata y completa, maximizando sus efectos en el cuerpo. \u00bfQu\u00e9 beneficios ofrece el IV Therapy? \ud83d\udd39 Hidrataci\u00f3n inmediata:Ideal para combatir [&hellip;]<\/p>","protected":false},"author":1,"featured_media":0,"parent":0,"menu_order":0,"comment_status":"closed","ping_status":"closed","template":"","meta":{"footnotes":""},"class_list":["post-395","page","type-page","status-publish","hentry","entry"],"_links":{"self":[{"href":"https:\/\/www.stevenromanaestheticmedicine.com\/en\/wp-json\/wp\/v2\/pages\/395","targetHints":{"allow":["GET"]}}],"collection":[{"href":"https:\/\/www.stevenromanaestheticmedicine.com\/en\/wp-json\/wp\/v2\/pages"}],"about":[{"href":"https:\/\/www.stevenromanaestheticmedicine.com\/en\/wp-json\/wp\/v2\/types\/page"}],"author":[{"embeddable":true,"href":"https:\/\/www.stevenromanaestheticmedicine.com\/en\/wp-json\/wp\/v2\/users\/1"}],"replies":[{"embeddable":true,"href":"https:\/\/www.stevenromanaestheticmedicine.com\/en\/wp-json\/wp\/v2\/comments?post=395"}],"version-history":[{"count":54,"href":"https:\/\/www.stevenromanaestheticmedicine.com\/en\/wp-json\/wp\/v2\/pages\/395\/revisions"}],"predecessor-version":[{"id":1337,"href":"https:\/\/www.stevenromanaestheticmedicine.com\/en\/wp-json\/wp\/v2\/pages\/395\/revisions\/1337"}],"wp:attachment":[{"href":"https:\/\/www.stevenromanaestheticmedicine.com\/en\/wp-json\/wp\/v2\/media?parent=395"}],"curies":[{"name":"wp","href":"https:\/\/api.w.org\/{rel}","templated":true}]}}