{"id":386,"date":"2021-10-28T16:41:22","date_gmt":"2021-10-28T21:41:22","guid":{"rendered":"https:\/\/www.stevenromanaestheticmedicine.com\/?page_id=386"},"modified":"2025-08-14T19:20:29","modified_gmt":"2025-08-15T00:20:29","slug":"plasma","status":"publish","type":"page","link":"https:\/\/www.stevenromanaestheticmedicine.com\/en\/plasma\/","title":{"rendered":"SKIN CARE"},"content":{"rendered":"<div data-elementor-type=\"wp-page\" data-elementor-id=\"386\" class=\"elementor elementor-386\">\n\t\t\t\t\t\t\t\t\t<section class=\"elementor-section elementor-top-section elementor-element elementor-element-8be4524 elementor-section-boxed elementor-section-height-default elementor-section-height-default\" data-id=\"8be4524\" data-element_type=\"section\">\n\t\t\t\t\t\t<div class=\"elementor-container elementor-column-gap-default\">\n\t\t\t\t\t<div class=\"elementor-column elementor-col-100 elementor-top-column elementor-element elementor-element-02340af\" data-id=\"02340af\" data-element_type=\"column\">\n\t\t\t<div class=\"elementor-widget-wrap elementor-element-populated\">\n\t\t\t\t\t\t\t\t<div class=\"elementor-element elementor-element-1df4df2 elementor-widget elementor-widget-image\" data-id=\"1df4df2\" data-element_type=\"widget\" data-widget_type=\"image.default\">\n\t\t\t\t<div class=\"elementor-widget-container\">\n\t\t\t<style>\/*! elementor - v3.12.0 - 29-03-2023 *\/\n.elementor-widget-image{text-align:center}.elementor-widget-image a{display:inline-block}.elementor-widget-image a img[src$=\".svg\"]{width:48px}.elementor-widget-image img{vertical-align:middle;display:inline-block}<\/style>\t\t\t\t\t\t\t\t\t\t\t\t<img loading=\"lazy\" decoding=\"async\" width=\"980\" height=\"551\" src=\"https:\/\/www.stevenromanaestheticmedicine.com\/wp-content\/uploads\/2025\/08\/904c19d7-e4c1-4ccc-8f92-9bfcb425befa-1.jpg\" class=\"attachment-large size-large wp-image-1278\" alt=\"\" srcset=\"https:\/\/www.stevenromanaestheticmedicine.com\/wp-content\/uploads\/2025\/08\/904c19d7-e4c1-4ccc-8f92-9bfcb425befa-1.jpg 980w, https:\/\/www.stevenromanaestheticmedicine.com\/wp-content\/uploads\/2025\/08\/904c19d7-e4c1-4ccc-8f92-9bfcb425befa-1-300x169.jpg 300w, https:\/\/www.stevenromanaestheticmedicine.com\/wp-content\/uploads\/2025\/08\/904c19d7-e4c1-4ccc-8f92-9bfcb425befa-1-768x432.jpg 768w, https:\/\/www.stevenromanaestheticmedicine.com\/wp-content\/uploads\/2025\/08\/904c19d7-e4c1-4ccc-8f92-9bfcb425befa-1-18x10.jpg 18w\" sizes=\"auto, (max-width: 980px) 100vw, 980px\" \/>\t\t\t\t\t\t\t\t\t\t\t\t\t\t\t<\/div>\n\t\t\t\t<\/div>\n\t\t\t\t\t<\/div>\n\t\t<\/div>\n\t\t\t\t\t\t\t<\/div>\n\t\t<\/section>\n\t\t\t\t<section class=\"elementor-section elementor-top-section elementor-element elementor-element-cde05b6 elementor-section-boxed elementor-section-height-default elementor-section-height-default\" data-id=\"cde05b6\" data-element_type=\"section\">\n\t\t\t\t\t\t<div class=\"elementor-container elementor-column-gap-default\">\n\t\t\t\t\t<div class=\"elementor-column elementor-col-100 elementor-top-column elementor-element elementor-element-1a4411c\" data-id=\"1a4411c\" data-element_type=\"column\">\n\t\t\t<div class=\"elementor-widget-wrap elementor-element-populated\">\n\t\t\t\t\t\t\t\t<div class=\"elementor-element elementor-element-78afc55 elementor-widget elementor-widget-heading\" data-id=\"78afc55\" data-element_type=\"widget\" data-widget_type=\"heading.default\">\n\t\t\t\t<div class=\"elementor-widget-container\">\n\t\t\t<style>\/*! elementor - v3.12.0 - 29-03-2023 *\/\n.elementor-heading-title{padding:0;margin:0;line-height:1}.elementor-widget-heading .elementor-heading-title[class*=elementor-size-]>a{color:inherit;font-size:inherit;line-height:inherit}.elementor-widget-heading .elementor-heading-title.elementor-size-small{font-size:15px}.elementor-widget-heading .elementor-heading-title.elementor-size-medium{font-size:19px}.elementor-widget-heading .elementor-heading-title.elementor-size-large{font-size:29px}.elementor-widget-heading .elementor-heading-title.elementor-size-xl{font-size:39px}.elementor-widget-heading .elementor-heading-title.elementor-size-xxl{font-size:59px}<\/style><h2 class=\"elementor-heading-title elementor-size-default\">SKIN  CARE <\/h2>\t\t<\/div>\n\t\t\t\t<\/div>\n\t\t\t\t\t<\/div>\n\t\t<\/div>\n\t\t\t\t\t\t\t<\/div>\n\t\t<\/section>\n\t\t\t\t<section class=\"elementor-section elementor-top-section elementor-element elementor-element-1486ee8 elementor-section-boxed elementor-section-height-default elementor-section-height-default\" data-id=\"1486ee8\" data-element_type=\"section\">\n\t\t\t\t\t\t<div class=\"elementor-container elementor-column-gap-default\">\n\t\t\t\t\t<div class=\"elementor-column elementor-col-100 elementor-top-column elementor-element elementor-element-d76c792\" data-id=\"d76c792\" data-element_type=\"column\">\n\t\t\t<div class=\"elementor-widget-wrap elementor-element-populated\">\n\t\t\t\t\t\t\t\t<div class=\"elementor-element elementor-element-643eeb4 elementor-widget elementor-widget-text-editor\" data-id=\"643eeb4\" data-element_type=\"widget\" data-widget_type=\"text-editor.default\">\n\t\t\t\t<div class=\"elementor-widget-container\">\n\t\t\t<style>\/*! elementor - v3.12.0 - 29-03-2023 *\/\n.elementor-widget-text-editor.elementor-drop-cap-view-stacked .elementor-drop-cap{background-color:#69727d;color:#fff}.elementor-widget-text-editor.elementor-drop-cap-view-framed .elementor-drop-cap{color:#69727d;border:3px solid;background-color:transparent}.elementor-widget-text-editor:not(.elementor-drop-cap-view-default) .elementor-drop-cap{margin-top:8px}.elementor-widget-text-editor:not(.elementor-drop-cap-view-default) .elementor-drop-cap-letter{width:1em;height:1em}.elementor-widget-text-editor .elementor-drop-cap{float:left;text-align:center;line-height:1;font-size:50px}.elementor-widget-text-editor .elementor-drop-cap-letter{display:inline-block}<\/style>\t\t\t\t<h3 data-start=\"0\" data-end=\"83\">La Importancia del <em data-start=\"26\" data-end=\"37\">Skin Care<\/em>: M\u00e1s que una Rutina, un Acto de Amor Propio<\/h3><p data-start=\"85\" data-end=\"447\">Cuidar tu piel no es solo una cuesti\u00f3n de est\u00e9tica, es una forma de <strong data-start=\"153\" data-end=\"220\">proteger, prevenir y mantener la salud de tu piel a largo plazo<\/strong>. Una rutina adecuada de <em data-start=\"245\" data-end=\"256\">skin care<\/em> ayuda a mantener el equilibrio natural de tu piel, prevenir problemas como el acn\u00e9, manchas, envejecimiento prematuro y sensibilidad, adem\u00e1s de mejorar visiblemente su textura y luminosidad.<\/p>\t\t\t\t\t\t<\/div>\n\t\t\t\t<\/div>\n\t\t\t\t\t<\/div>\n\t\t<\/div>\n\t\t\t\t\t\t\t<\/div>\n\t\t<\/section>\n\t\t\t\t<section class=\"elementor-section elementor-top-section elementor-element elementor-element-068084b elementor-section-boxed elementor-section-height-default elementor-section-height-default\" data-id=\"068084b\" data-element_type=\"section\">\n\t\t\t\t\t\t<div class=\"elementor-container elementor-column-gap-default\">\n\t\t\t\t\t<div class=\"elementor-column elementor-col-100 elementor-top-column elementor-element elementor-element-b61d999\" data-id=\"b61d999\" data-element_type=\"column\">\n\t\t\t<div class=\"elementor-widget-wrap elementor-element-populated\">\n\t\t\t\t\t\t\t\t<div class=\"elementor-element elementor-element-1271b54 elementor-widget elementor-widget-heading\" data-id=\"1271b54\" data-element_type=\"widget\" data-widget_type=\"heading.default\">\n\t\t\t\t<div class=\"elementor-widget-container\">\n\t\t\t<h2 class=\"elementor-heading-title elementor-size-default\">SERVICES <\/h2>\t\t<\/div>\n\t\t\t\t<\/div>\n\t\t\t\t\t<\/div>\n\t\t<\/div>\n\t\t\t\t\t\t\t<\/div>\n\t\t<\/section>\n\t\t\t\t<section class=\"elementor-section elementor-top-section elementor-element elementor-element-47ef1e5 elementor-section-boxed elementor-section-height-default elementor-section-height-default\" data-id=\"47ef1e5\" data-element_type=\"section\">\n\t\t\t\t\t\t<div class=\"elementor-container elementor-column-gap-default\">\n\t\t\t\t\t<div class=\"elementor-column elementor-col-50 elementor-top-column elementor-element elementor-element-a8f2741\" data-id=\"a8f2741\" data-element_type=\"column\">\n\t\t\t<div class=\"elementor-widget-wrap elementor-element-populated\">\n\t\t\t\t\t\t\t\t<div class=\"elementor-element elementor-element-9695097 elementor-invisible elementor-widget elementor-widget-image\" data-id=\"9695097\" data-element_type=\"widget\" data-settings=\"{&quot;_animation&quot;:&quot;fadeInRight&quot;}\" data-widget_type=\"image.default\">\n\t\t\t\t<div class=\"elementor-widget-container\">\n\t\t\t\t\t\t\t\t\t\t\t\t\t\t\t<img loading=\"lazy\" decoding=\"async\" width=\"768\" height=\"512\" src=\"https:\/\/www.stevenromanaestheticmedicine.com\/wp-content\/uploads\/2025\/08\/woman-hydrafacial-768x512.png\" class=\"attachment-medium_large size-medium_large wp-image-1196\" alt=\"\" srcset=\"https:\/\/www.stevenromanaestheticmedicine.com\/wp-content\/uploads\/2025\/08\/woman-hydrafacial-768x512.png 768w, https:\/\/www.stevenromanaestheticmedicine.com\/wp-content\/uploads\/2025\/08\/woman-hydrafacial-300x200.png 300w, https:\/\/www.stevenromanaestheticmedicine.com\/wp-content\/uploads\/2025\/08\/woman-hydrafacial-18x12.png 18w, https:\/\/www.stevenromanaestheticmedicine.com\/wp-content\/uploads\/2025\/08\/woman-hydrafacial.png 800w\" sizes=\"auto, (max-width: 768px) 100vw, 768px\" \/>\t\t\t\t\t\t\t\t\t\t\t\t\t\t\t<\/div>\n\t\t\t\t<\/div>\n\t\t\t\t<div class=\"elementor-element elementor-element-1e40afc elementor-widget elementor-widget-heading\" data-id=\"1e40afc\" data-element_type=\"widget\" data-widget_type=\"heading.default\">\n\t\t\t\t<div class=\"elementor-widget-container\">\n\t\t\t<h2 class=\"elementor-heading-title elementor-size-default\">HYDRAFACIAL <\/h2>\t\t<\/div>\n\t\t\t\t<\/div>\n\t\t\t\t<div class=\"elementor-element elementor-element-ae57db8 elementor-invisible elementor-widget elementor-widget-image\" data-id=\"ae57db8\" data-element_type=\"widget\" data-settings=\"{&quot;_animation&quot;:&quot;fadeInRight&quot;}\" data-widget_type=\"image.default\">\n\t\t\t\t<div class=\"elementor-widget-container\">\n\t\t\t\t\t\t\t\t\t\t\t\t\t\t\t<img loading=\"lazy\" decoding=\"async\" width=\"768\" height=\"384\" src=\"https:\/\/www.stevenromanaestheticmedicine.com\/wp-content\/uploads\/2025\/08\/LED_Esthetics1937_Edited_copy_8d3ffe70-fd73-4a81-a92d-bf2235b011cc_1920x-768x384.webp\" class=\"attachment-medium_large size-medium_large wp-image-1297\" alt=\"\" srcset=\"https:\/\/www.stevenromanaestheticmedicine.com\/wp-content\/uploads\/2025\/08\/LED_Esthetics1937_Edited_copy_8d3ffe70-fd73-4a81-a92d-bf2235b011cc_1920x-768x384.webp 768w, https:\/\/www.stevenromanaestheticmedicine.com\/wp-content\/uploads\/2025\/08\/LED_Esthetics1937_Edited_copy_8d3ffe70-fd73-4a81-a92d-bf2235b011cc_1920x-300x150.webp 300w, https:\/\/www.stevenromanaestheticmedicine.com\/wp-content\/uploads\/2025\/08\/LED_Esthetics1937_Edited_copy_8d3ffe70-fd73-4a81-a92d-bf2235b011cc_1920x-1024x512.webp 1024w, https:\/\/www.stevenromanaestheticmedicine.com\/wp-content\/uploads\/2025\/08\/LED_Esthetics1937_Edited_copy_8d3ffe70-fd73-4a81-a92d-bf2235b011cc_1920x-1536x768.webp 1536w, https:\/\/www.stevenromanaestheticmedicine.com\/wp-content\/uploads\/2025\/08\/LED_Esthetics1937_Edited_copy_8d3ffe70-fd73-4a81-a92d-bf2235b011cc_1920x-18x9.webp 18w, https:\/\/www.stevenromanaestheticmedicine.com\/wp-content\/uploads\/2025\/08\/LED_Esthetics1937_Edited_copy_8d3ffe70-fd73-4a81-a92d-bf2235b011cc_1920x.webp 1920w\" sizes=\"auto, (max-width: 768px) 100vw, 768px\" \/>\t\t\t\t\t\t\t\t\t\t\t\t\t\t\t<\/div>\n\t\t\t\t<\/div>\n\t\t\t\t<div class=\"elementor-element elementor-element-6289bab elementor-widget elementor-widget-heading\" data-id=\"6289bab\" data-element_type=\"widget\" data-widget_type=\"heading.default\">\n\t\t\t\t<div class=\"elementor-widget-container\">\n\t\t\t<h2 class=\"elementor-heading-title elementor-size-default\">LED THERAPY<\/h2>\t\t<\/div>\n\t\t\t\t<\/div>\n\t\t\t\t\t<\/div>\n\t\t<\/div>\n\t\t\t\t<div class=\"elementor-column elementor-col-50 elementor-top-column elementor-element elementor-element-81f78ed\" data-id=\"81f78ed\" data-element_type=\"column\">\n\t\t\t<div class=\"elementor-widget-wrap elementor-element-populated\">\n\t\t\t\t\t\t\t\t<div class=\"elementor-element elementor-element-706178d elementor-invisible elementor-widget elementor-widget-image\" data-id=\"706178d\" data-element_type=\"widget\" data-settings=\"{&quot;_animation&quot;:&quot;fadeInRight&quot;}\" data-widget_type=\"image.default\">\n\t\t\t\t<div class=\"elementor-widget-container\">\n\t\t\t\t\t\t\t\t\t\t\t\t\t\t\t<img loading=\"lazy\" decoding=\"async\" width=\"768\" height=\"512\" src=\"https:\/\/www.stevenromanaestheticmedicine.com\/wp-content\/uploads\/2025\/08\/skincare-for-men-what-you-need-to-know-829931_1100x-768x512.webp\" class=\"attachment-medium_large size-medium_large wp-image-1293\" alt=\"\" srcset=\"https:\/\/www.stevenromanaestheticmedicine.com\/wp-content\/uploads\/2025\/08\/skincare-for-men-what-you-need-to-know-829931_1100x-768x512.webp 768w, https:\/\/www.stevenromanaestheticmedicine.com\/wp-content\/uploads\/2025\/08\/skincare-for-men-what-you-need-to-know-829931_1100x-300x200.webp 300w, https:\/\/www.stevenromanaestheticmedicine.com\/wp-content\/uploads\/2025\/08\/skincare-for-men-what-you-need-to-know-829931_1100x-1024x683.webp 1024w, https:\/\/www.stevenromanaestheticmedicine.com\/wp-content\/uploads\/2025\/08\/skincare-for-men-what-you-need-to-know-829931_1100x-18x12.webp 18w, https:\/\/www.stevenromanaestheticmedicine.com\/wp-content\/uploads\/2025\/08\/skincare-for-men-what-you-need-to-know-829931_1100x.webp 1100w\" sizes=\"auto, (max-width: 768px) 100vw, 768px\" \/>\t\t\t\t\t\t\t\t\t\t\t\t\t\t\t<\/div>\n\t\t\t\t<\/div>\n\t\t\t\t<div class=\"elementor-element elementor-element-0816706 elementor-widget elementor-widget-heading\" data-id=\"0816706\" data-element_type=\"widget\" data-widget_type=\"heading.default\">\n\t\t\t\t<div class=\"elementor-widget-container\">\n\t\t\t<h2 class=\"elementor-heading-title elementor-size-default\">DEEP CLEANING<\/h2>\t\t<\/div>\n\t\t\t\t<\/div>\n\t\t\t\t<div class=\"elementor-element elementor-element-c3e59c6 elementor-invisible elementor-widget elementor-widget-image\" data-id=\"c3e59c6\" data-element_type=\"widget\" data-settings=\"{&quot;_animation&quot;:&quot;fadeInRight&quot;}\" data-widget_type=\"image.default\">\n\t\t\t\t<div class=\"elementor-widget-container\">\n\t\t\t\t\t\t\t\t\t\t\t\t\t\t\t<img loading=\"lazy\" decoding=\"async\" width=\"768\" height=\"512\" src=\"https:\/\/www.stevenromanaestheticmedicine.com\/wp-content\/uploads\/2025\/08\/Midrodermabrasion-1024x683-1-768x512.jpg\" class=\"attachment-medium_large size-medium_large wp-image-1301\" alt=\"\" srcset=\"https:\/\/www.stevenromanaestheticmedicine.com\/wp-content\/uploads\/2025\/08\/Midrodermabrasion-1024x683-1-768x512.jpg 768w, https:\/\/www.stevenromanaestheticmedicine.com\/wp-content\/uploads\/2025\/08\/Midrodermabrasion-1024x683-1-300x200.jpg 300w, https:\/\/www.stevenromanaestheticmedicine.com\/wp-content\/uploads\/2025\/08\/Midrodermabrasion-1024x683-1-18x12.jpg 18w, https:\/\/www.stevenromanaestheticmedicine.com\/wp-content\/uploads\/2025\/08\/Midrodermabrasion-1024x683-1.jpg 1024w\" sizes=\"auto, (max-width: 768px) 100vw, 768px\" \/>\t\t\t\t\t\t\t\t\t\t\t\t\t\t\t<\/div>\n\t\t\t\t<\/div>\n\t\t\t\t<div class=\"elementor-element elementor-element-0efd441 elementor-widget elementor-widget-heading\" data-id=\"0efd441\" data-element_type=\"widget\" data-widget_type=\"heading.default\">\n\t\t\t\t<div class=\"elementor-widget-container\">\n\t\t\t<h2 class=\"elementor-heading-title elementor-size-default\">MICRODERMABRASION<\/h2>\t\t<\/div>\n\t\t\t\t<\/div>\n\t\t\t\t\t<\/div>\n\t\t<\/div>\n\t\t\t\t\t\t\t<\/div>\n\t\t<\/section>\n\t\t\t\t\t\t\t<\/div>","protected":false},"excerpt":{"rendered":"<p>SKIN CARE La Importancia del Skin Care: M\u00e1s que una Rutina, un Acto de Amor Propio Cuidar tu piel no es solo una cuesti\u00f3n de est\u00e9tica, es una forma de proteger, prevenir y mantener la salud de tu piel a largo plazo. Una rutina adecuada de skin care ayuda a mantener el equilibrio natural de [&hellip;]<\/p>","protected":false},"author":1,"featured_media":0,"parent":0,"menu_order":0,"comment_status":"closed","ping_status":"closed","template":"","meta":{"footnotes":""},"class_list":["post-386","page","type-page","status-publish","hentry","entry"],"_links":{"self":[{"href":"https:\/\/www.stevenromanaestheticmedicine.com\/en\/wp-json\/wp\/v2\/pages\/386","targetHints":{"allow":["GET"]}}],"collection":[{"href":"https:\/\/www.stevenromanaestheticmedicine.com\/en\/wp-json\/wp\/v2\/pages"}],"about":[{"href":"https:\/\/www.stevenromanaestheticmedicine.com\/en\/wp-json\/wp\/v2\/types\/page"}],"author":[{"embeddable":true,"href":"https:\/\/www.stevenromanaestheticmedicine.com\/en\/wp-json\/wp\/v2\/users\/1"}],"replies":[{"embeddable":true,"href":"https:\/\/www.stevenromanaestheticmedicine.com\/en\/wp-json\/wp\/v2\/comments?post=386"}],"version-history":[{"count":70,"href":"https:\/\/www.stevenromanaestheticmedicine.com\/en\/wp-json\/wp\/v2\/pages\/386\/revisions"}],"predecessor-version":[{"id":1311,"href":"https:\/\/www.stevenromanaestheticmedicine.com\/en\/wp-json\/wp\/v2\/pages\/386\/revisions\/1311"}],"wp:attachment":[{"href":"https:\/\/www.stevenromanaestheticmedicine.com\/en\/wp-json\/wp\/v2\/media?parent=386"}],"curies":[{"name":"wp","href":"https:\/\/api.w.org\/{rel}","templated":true}]}}